{"id":5259,"date":"2026-04-10T16:44:53","date_gmt":"2026-04-10T14:44:53","guid":{"rendered":"https:\/\/dem-serviceplus.com\/?post_type=product&#038;p=5259"},"modified":"2026-04-10T16:49:06","modified_gmt":"2026-04-10T14:49:06","slug":"oraimo-oraimo-fer-a-repasse-steamcore-oei-511a-fer-a-repasser-vapeur-haute-performance-2500w-usage-professionnel-et-domestique-affichage-inteligent-arret-automatique","status":"publish","type":"product","link":"https:\/\/dem-serviceplus.com\/index.php\/produit\/oraimo-oraimo-fer-a-repasse-steamcore-oei-511a-fer-a-repasser-vapeur-haute-performance-2500w-usage-professionnel-et-domestique-affichage-inteligent-arret-automatique\/","title":{"rendered":"Oraimo Oraimo Fer A Repass\u00e9 SteamCore OEI-511A &#8211; Fer \u00e0 Repasser Vapeur Haute Performance 2500w &#8211; Usage Professionnel Et Domestique &#8211; Affichage Inteligent &#8211; Arret Automatique"},"content":{"rendered":"<p>Donnez \u00e0 vos v\u00eatements un soin professionnel avec le fer \u00e0 repasser Oraimo SteamCore. Alliant un design moderne noir mat et une technologie de pointe, c\u2019est l\u2019outil indispensable pour \u00e9liminer les faux plis, m\u00eame sur les tissus les plus difficiles comme le bazin ou le lin.<\/p>\n<p>&nbsp;<\/p>\n<p>Points Forts du Produit :<\/p>\n<p>Puissance Exceptionnelle de 2500W : Une chauffe ultra-rapide pour un repassage efficace en un temps record.<\/p>\n<p>&nbsp;<\/p>\n<p>\u00c9cran LED Intelligent : Un affichage clair pour s\u00e9lectionner pr\u00e9cis\u00e9ment le mode adapt\u00e9 \u00e0 chaque type de textile.<\/p>\n<p>Multiples Modes Vapeur : Ajustez le d\u00e9bit de vapeur selon vos besoins, que ce soit pour une retouche rapide ou pour d\u00e9froisser des tissus \u00e9pais.<\/p>\n<p>Grand R\u00e9servoir de 360ml : Repassez plus longtemps sans interruption gr\u00e2ce \u00e0 sa grande capacit\u00e9.<\/p>\n<p>&nbsp;<\/p>\n<p>Syst\u00e8me Anti-Goutte &amp; Auto-Nettoyant : Fini les taches d\u2019eau sur vos v\u00eatements d\u00e9licats et la corv\u00e9e de d\u00e9tartrage. Le fer reste propre et performant plus longtemps.<\/p>\n<p>S\u00e9curit\u00e9 Maximale : \u00c9quip\u00e9 de la fonction d\u2019arr\u00eat automatique (Auto Shut-off) pour une tranquillit\u00e9 d\u2019esprit totale.<\/p>\n<p>&nbsp;<\/p>\n<p>Fiche Technique :<\/p>\n<p>Marque : Oraimo<\/p>\n<p>Mod\u00e8le : SteamCore OEI-511A<\/p>\n<p>Puissance : 2500W<\/p>\n<p>Type de semelle : Glisse fluide haute performance<\/p>\n<p>Capacit\u00e9 r\u00e9servoir : 360 ml<\/p>\n<p>Fonctions sp\u00e9ciales : \u00c9cran LED, Self-Clean, Anti-drip, Auto Shut-Off<\/p>\n<p>&nbsp;<\/p>\n<p>Pourquoi choisir le SteamCore d\u2019Oraimo ?<\/p>\n<h2><strong>1. &#8211; L&rsquo;ouverture des coutures :<\/strong> La puissance de 2500W permet d&rsquo;aplatir instantan\u00e9ment les surplus de couture sur des tissus rigides.<\/h2>\n<p><strong>&#8211; Les finitions sur dentelle et tissus d\u00e9licats :<\/strong> Gr\u00e2ce aux diff\u00e9rents modes de vapeur et \u00e0 la fonction <strong>Anti-Drip<\/strong> (anti-goutte), vous pouvez repasser des tissus fragiles sans risquer de les tacher avec<\/p>\n","protected":false},"excerpt":{"rendered":"<p>Donnez \u00e0 vos v\u00eatements un soin professionnel avec le fer \u00e0 repasser Oraimo SteamCore. Alliant un design moderne noir mat et une technologie de pointe, c\u2019est l\u2019outil indispensable pour \u00e9liminer les faux plis, m\u00eame sur les tissus les plus difficiles comme le bazin ou le lin. &nbsp; Points Forts du Produit : Puissance Exceptionnelle de [&hellip;]<\/p>\n","protected":false},"featured_media":5260,"comment_status":"open","ping_status":"closed","template":"","meta":[],"product_brand":[324],"product_cat":[328],"product_tag":[],"class_list":{"0":"post-5259","1":"product","2":"type-product","3":"status-publish","4":"has-post-thumbnail","6":"product_brand-oraimo","7":"product_cat-electromenager","9":"first","10":"instock","11":"sale","12":"shipping-taxable","13":"purchasable","14":"product-type-simple"},"_links":{"self":[{"href":"https:\/\/dem-serviceplus.com\/index.php\/wp-json\/wp\/v2\/product\/5259","targetHints":{"allow":["GET"]}}],"collection":[{"href":"https:\/\/dem-serviceplus.com\/index.php\/wp-json\/wp\/v2\/product"}],"about":[{"href":"https:\/\/dem-serviceplus.com\/index.php\/wp-json\/wp\/v2\/types\/product"}],"replies":[{"embeddable":true,"href":"https:\/\/dem-serviceplus.com\/index.php\/wp-json\/wp\/v2\/comments?post=5259"}],"version-history":[{"count":1,"href":"https:\/\/dem-serviceplus.com\/index.php\/wp-json\/wp\/v2\/product\/5259\/revisions"}],"predecessor-version":[{"id":5262,"href":"https:\/\/dem-serviceplus.com\/index.php\/wp-json\/wp\/v2\/product\/5259\/revisions\/5262"}],"wp:featuredmedia":[{"embeddable":true,"href":"https:\/\/dem-serviceplus.com\/index.php\/wp-json\/wp\/v2\/media\/5260"}],"wp:attachment":[{"href":"https:\/\/dem-serviceplus.com\/index.php\/wp-json\/wp\/v2\/media?parent=5259"}],"wp:term":[{"taxonomy":"product_brand","embeddable":true,"href":"https:\/\/dem-serviceplus.com\/index.php\/wp-json\/wp\/v2\/product_brand?post=5259"},{"taxonomy":"product_cat","embeddable":true,"href":"https:\/\/dem-serviceplus.com\/index.php\/wp-json\/wp\/v2\/product_cat?post=5259"},{"taxonomy":"product_tag","embeddable":true,"href":"https:\/\/dem-serviceplus.com\/index.php\/wp-json\/wp\/v2\/product_tag?post=5259"}],"curies":[{"name":"wp","href":"https:\/\/api.w.org\/{rel}","templated":true}]}}