{"id":5252,"date":"2026-04-10T16:08:49","date_gmt":"2026-04-10T14:08:49","guid":{"rendered":"https:\/\/dem-serviceplus.com\/?post_type=product&#038;p=5252"},"modified":"2026-04-10T16:16:20","modified_gmt":"2026-04-10T14:16:20","slug":"oraimo-smartiron-1740w-fer-a-repasser-electrique-portable-2","status":"publish","type":"product","link":"https:\/\/dem-serviceplus.com\/index.php\/produit\/oraimo-smartiron-1740w-fer-a-repasser-electrique-portable-2\/","title":{"rendered":"oraimo SmartIron 1740W Fer \u00e0 repasser \u00e9lectrique portable"},"content":{"rendered":"<p><strong>Param\u00e8tres du produit :<\/strong><\/p>\n<div data-page-id=\"UJ8Vdt1hFoGN8OxFC0FcChdon6H\" data-lark-html-role=\"root\" data-docx-has-block-data=\"false\">\n<div class=\"ace-line ace-line old-record-id-R7tKdhV96oNA0fxbIyPcVcTPnbd\">Capacit\u00e9 du r\u00e9servoir d&rsquo;eau : 130ml<br \/>\nTemps de pr\u00e9chauffage : 25 secondes<br \/>\nTemp\u00e9rature de la semelle : 150\u00b0C<br \/>\nLongueur du c\u00e2ble de chargement : 2,05mMod\u00e8le : OEI-801A<\/div>\n<\/div>\n","protected":false},"excerpt":{"rendered":"<p>Param\u00e8tres du produit : Capacit\u00e9 du r\u00e9servoir d&rsquo;eau : 130ml Temps de pr\u00e9chauffage : 25 secondes Temp\u00e9rature de la semelle : 150\u00b0C Longueur du c\u00e2ble de chargement : 2,05mMod\u00e8le : OEI-801A<\/p>\n","protected":false},"featured_media":5253,"comment_status":"open","ping_status":"closed","template":"","meta":[],"product_brand":[324],"product_cat":[328],"product_tag":[],"class_list":{"0":"post-5252","1":"product","2":"type-product","3":"status-publish","4":"has-post-thumbnail","6":"product_brand-oraimo","7":"product_cat-electromenager","9":"first","10":"instock","11":"sale","12":"shipping-taxable","13":"purchasable","14":"product-type-simple"},"_links":{"self":[{"href":"https:\/\/dem-serviceplus.com\/index.php\/wp-json\/wp\/v2\/product\/5252","targetHints":{"allow":["GET"]}}],"collection":[{"href":"https:\/\/dem-serviceplus.com\/index.php\/wp-json\/wp\/v2\/product"}],"about":[{"href":"https:\/\/dem-serviceplus.com\/index.php\/wp-json\/wp\/v2\/types\/product"}],"replies":[{"embeddable":true,"href":"https:\/\/dem-serviceplus.com\/index.php\/wp-json\/wp\/v2\/comments?post=5252"}],"version-history":[{"count":3,"href":"https:\/\/dem-serviceplus.com\/index.php\/wp-json\/wp\/v2\/product\/5252\/revisions"}],"predecessor-version":[{"id":5258,"href":"https:\/\/dem-serviceplus.com\/index.php\/wp-json\/wp\/v2\/product\/5252\/revisions\/5258"}],"wp:featuredmedia":[{"embeddable":true,"href":"https:\/\/dem-serviceplus.com\/index.php\/wp-json\/wp\/v2\/media\/5253"}],"wp:attachment":[{"href":"https:\/\/dem-serviceplus.com\/index.php\/wp-json\/wp\/v2\/media?parent=5252"}],"wp:term":[{"taxonomy":"product_brand","embeddable":true,"href":"https:\/\/dem-serviceplus.com\/index.php\/wp-json\/wp\/v2\/product_brand?post=5252"},{"taxonomy":"product_cat","embeddable":true,"href":"https:\/\/dem-serviceplus.com\/index.php\/wp-json\/wp\/v2\/product_cat?post=5252"},{"taxonomy":"product_tag","embeddable":true,"href":"https:\/\/dem-serviceplus.com\/index.php\/wp-json\/wp\/v2\/product_tag?post=5252"}],"curies":[{"name":"wp","href":"https:\/\/api.w.org\/{rel}","templated":true}]}}