{"id":5246,"date":"2026-04-10T16:02:46","date_gmt":"2026-04-10T14:02:46","guid":{"rendered":"https:\/\/dem-serviceplus.com\/?post_type=product&#038;p=5246"},"modified":"2026-04-10T16:16:03","modified_gmt":"2026-04-10T14:16:03","slug":"oraimo-smartblender-go-oh-pb1n-blender-portable-500ml-batterie-4000mah-lames-inox-304","status":"publish","type":"product","link":"https:\/\/dem-serviceplus.com\/index.php\/produit\/oraimo-smartblender-go-oh-pb1n-blender-portable-500ml-batterie-4000mah-lames-inox-304\/","title":{"rendered":"Oraimo SmartBlender Go OH-PB1N \u2013 Blender Portable 500ml, Batterie 4000mAh, Lames Inox 304"},"content":{"rendered":"<div id=\"PageContainer\" class=\"page-container clearfix \">\n<div class=\"container \">\n<div class=\"row row-15\">\n<p>&nbsp;<\/p>\n<div id=\"shopify-section-template--19314635735119__product-page-tab\" class=\"shopify-section tab_product_page\">\n<section id=\"laber_template--19314635735119__product-page-tab\" class=\"tabs-product\">\n<div id=\"tab_product\" class=\"cms-tab\">\n<div class=\"tab-content\">\n<div id=\"tab_des\" class=\"tab-panel active \">\n<div class=\"description\">\n<ul>\n<li data-start=\"1042\" data-end=\"1066\"><\/li>\n<\/ul>\n<\/div>\n<\/div>\n<\/div>\n<\/div>\n<\/section>\n<\/div>\n<div id=\"shopify-section-template--19314635735119__1743962461fcf9fea2\" class=\"shopify-section\">\n<div id=\"shopify-block-AdWt4anNPWmRmcVNwO__judge_me_reviews_review_widget_Q4Fc3a\" class=\"shopify-block shopify-app-block\">\n<div id=\"judgeme_product_reviews\" class=\"jdgm-widget jdgm-review-widget jdgm--done-setup-widget jdgm-widget-revamp\" data-product-title=\"Oraimo SmartBlender Go OH-PB1N \u2013 Blender Portable 500ml, Batterie 4000mAh, Lames Inox 304\" data-id=\"7832425398351\" data-product-id=\"7832425398351\" data-widget=\"review\" data-shop-reviews=\"false\" data-shop-reviews-count=\"0\" data-empty-state=\"other_products_reviews\" data-entry-point=\"review_widget.js\" data-entry-key=\"review-widget\/main.js\" data-block-id=\"AdWt4anNPWmRmcVNwO__judge_me_reviews_review_widget_Q4Fc3a\" data-customer-logged-in=\"false\" data-widget-name=\"review_widget\" data-impressions-tracked=\"true\" data-v-app=\"\">\n<div class=\"jm-stack jm-stack--space-300 jm-review-widget jm-review-widget--minimal-header\" data-v-417c96d2=\"\" data-v-d6b8ecba=\"\" data-widget-container=\"review-widget\">\n<div class=\"jm-review-widget__header-and-body\" data-v-d6b8ecba=\"\">\n<div class=\"jm-loading-overlay jm-review-widget__body\" data-v-5978544e=\"\" data-v-d6b8ecba=\"\">\n<div class=\"jm-stack jm-stack--space-600 jdgm-review-list\" data-v-417c96d2=\"\" data-v-f89581a0=\"\">\n<div class=\"jm-box jm-box--inherit-color jm-review-item\" data-v-267c46da=\"\" data-v-cb665603=\"\" data-v-f89581a0=\"\">\n<div class=\"jm-stack jm-stack--space-400\" data-v-417c96d2=\"\" data-v-cb665603=\"\">\n<div class=\"jm-box jm-box--inherit-color jm-product-variant-card\" data-v-267c46da=\"\" data-v-ae893f96=\"\" data-v-cb665603=\"\">\n<div class=\"jm-cluster\" data-v-04f37a24=\"\" data-v-ae893f96=\"\">\n<div tabindex=\"0\" role=\"button\" data-v-2af01267=\"\" data-v-ae893f96=\"\" aria-label=\"View DJOK Bouilloire \u00c9lectrique XDM020 \u2013 1.8L en Verre, 1500W, Couvercle Inox, Chauffe Rapide product page\"><\/div>\n<div class=\"jm-frame jm-product-variant-card__thumbnail\" tabindex=\"0\" role=\"button\" data-v-2af01267=\"\" data-v-ae893f96=\"\" aria-label=\"View DJOK Bouilloire \u00c9lectrique XDM020 \u2013 1.8L en Verre, 1500W, Couvercle Inox, Chauffe Rapide product page\">\n<p>L<\/p>\n<div class=\"ace-line ace-line old-record-id-Ch2vdim4vovoRGxBGhFcY4c9nPb\">Capacit\u00e9 : 500ML<\/div>\n<div class=\"ace-line ace-line old-record-id-KZ5VdvZCHo77G6x5bNRchT6Vnoc\">Puissance nominale : 75W<\/div>\n<div class=\"ace-line ace-line old-record-id-V0kEdHb3ooJfsexPxXpcxZBunJf\">Poids : 536.6g<\/div>\n<div class=\"ace-line ace-line old-record-id-WOdOdioMloHoREx4TMvceOsLnah\">Taille : 81*84*253mm<\/div>\n<div class=\"ace-line ace-line old-record-id-ANZxdnTYCoSRt2xenx6cHfSEnck\">Mat\u00e9riau du corps du gobelet : Tritan<\/div>\n<div class=\"ace-line ace-line old-record-id-ABpodAisTokJALx8rr3c8gqDnjc\">Mat\u00e9riau de la lame : Acier inoxydable 304<\/div>\n<div class=\"ace-line ace-line old-record-id-RM0cdI9KUo6fIbxcbrycxhaBn9d\">Mat\u00e9riau de l&rsquo;anneau \u00e9tanche : Silicone alimentaire<\/div>\n<div class=\"ace-line ace-line old-record-id-I0eHdLKQ2opY8vxxZm1c6vtTnig\">Tension d&rsquo;entr\u00e9e\/courant : 5V\u23932A<\/div>\n<div class=\"ace-line ace-line old-record-id-YoxxdSzPLosba0xGJVxcJpIjniQ\">Tension nominale : 7.4V<\/div>\n<div class=\"ace-line ace-line old-record-id-VXucdsy0xoSmECx0dW9cz0hzn2g\">Capacit\u00e9 de la batterie : 2000mAh*2<\/div>\n<div class=\"ace-line ace-line old-record-id-TfbYdaDzboZ5fAxSEPccEqXZnXf\">* oraimo R\u00e9sultats des tests de laboratoire<\/div>\n<\/div>\n<\/div>\n<\/div>\n<\/div>\n<\/div>\n<\/div>\n<\/div>\n<\/div>\n<\/div>\n<\/div>\n<\/div>\n<\/div>\n<p>&nbsp;<\/p>\n<\/div>\n<\/div>\n<\/div>\n","protected":false},"excerpt":{"rendered":"<p>&nbsp; L Capacit\u00e9 : 500ML Puissance nominale : 75W Poids : 536.6g Taille : 81*84*253mm Mat\u00e9riau du corps du gobelet : Tritan Mat\u00e9riau de la lame : Acier inoxydable 304 Mat\u00e9riau de l&rsquo;anneau \u00e9tanche : Silicone alimentaire Tension d&rsquo;entr\u00e9e\/courant : 5V\u23932A Tension nominale : 7.4V Capacit\u00e9 de la batterie : 2000mAh*2 * oraimo R\u00e9sultats des [&hellip;]<\/p>\n","protected":false},"featured_media":5247,"comment_status":"open","ping_status":"closed","template":"","meta":[],"product_brand":[324],"product_cat":[328],"product_tag":[],"class_list":{"0":"post-5246","1":"product","2":"type-product","3":"status-publish","4":"has-post-thumbnail","6":"product_brand-oraimo","7":"product_cat-electromenager","9":"first","10":"instock","11":"sale","12":"shipping-taxable","13":"purchasable","14":"product-type-simple"},"_links":{"self":[{"href":"https:\/\/dem-serviceplus.com\/index.php\/wp-json\/wp\/v2\/product\/5246","targetHints":{"allow":["GET"]}}],"collection":[{"href":"https:\/\/dem-serviceplus.com\/index.php\/wp-json\/wp\/v2\/product"}],"about":[{"href":"https:\/\/dem-serviceplus.com\/index.php\/wp-json\/wp\/v2\/types\/product"}],"replies":[{"embeddable":true,"href":"https:\/\/dem-serviceplus.com\/index.php\/wp-json\/wp\/v2\/comments?post=5246"}],"version-history":[{"count":2,"href":"https:\/\/dem-serviceplus.com\/index.php\/wp-json\/wp\/v2\/product\/5246\/revisions"}],"predecessor-version":[{"id":5251,"href":"https:\/\/dem-serviceplus.com\/index.php\/wp-json\/wp\/v2\/product\/5246\/revisions\/5251"}],"wp:featuredmedia":[{"embeddable":true,"href":"https:\/\/dem-serviceplus.com\/index.php\/wp-json\/wp\/v2\/media\/5247"}],"wp:attachment":[{"href":"https:\/\/dem-serviceplus.com\/index.php\/wp-json\/wp\/v2\/media?parent=5246"}],"wp:term":[{"taxonomy":"product_brand","embeddable":true,"href":"https:\/\/dem-serviceplus.com\/index.php\/wp-json\/wp\/v2\/product_brand?post=5246"},{"taxonomy":"product_cat","embeddable":true,"href":"https:\/\/dem-serviceplus.com\/index.php\/wp-json\/wp\/v2\/product_cat?post=5246"},{"taxonomy":"product_tag","embeddable":true,"href":"https:\/\/dem-serviceplus.com\/index.php\/wp-json\/wp\/v2\/product_tag?post=5246"}],"curies":[{"name":"wp","href":"https:\/\/api.w.org\/{rel}","templated":true}]}}