{"id":5242,"date":"2026-04-10T15:48:52","date_gmt":"2026-04-10T13:48:52","guid":{"rendered":"https:\/\/dem-serviceplus.com\/?post_type=product&#038;p=5242"},"modified":"2026-04-10T16:17:15","modified_gmt":"2026-04-10T14:17:15","slug":"oraimo-thermogo-s1200-gourde-isotherme-grande-capacite-12-l","status":"publish","type":"product","link":"https:\/\/dem-serviceplus.com\/index.php\/produit\/oraimo-thermogo-s1200-gourde-isotherme-grande-capacite-12-l\/","title":{"rendered":"oraimo ThermoGo S1200 Gourde isotherme grande capacit\u00e9 1,2\u202fL"},"content":{"rendered":"<p>La bouteille isotherme oraimo ThermoGo S1200 de 1,2 litre, en acier inoxydable de qualit\u00e9 alimentaire (SUS 304), est con\u00e7ue pour maintenir les boissons chaudes ou froides jusqu&rsquo;\u00e0 6 heures. Elle est dot\u00e9e d&rsquo;une poign\u00e9e ergonomique antid\u00e9rapante, de deux options pour boire (paille et bec verseur) et d&rsquo;une conception durable et 100 % \u00e9tanche, ce qui la rend id\u00e9ale pour les d\u00e9placements, le sport et le bureau.<\/p>\n","protected":false},"excerpt":{"rendered":"<p>La bouteille isotherme oraimo ThermoGo S1200 de 1,2 litre, en acier inoxydable de qualit\u00e9 alimentaire (SUS 304), est con\u00e7ue pour maintenir les boissons chaudes ou froides jusqu&rsquo;\u00e0 6 heures. Elle est dot\u00e9e d&rsquo;une poign\u00e9e ergonomique antid\u00e9rapante, de deux options pour boire (paille et bec verseur) et d&rsquo;une conception durable et 100 % \u00e9tanche, ce qui [&hellip;]<\/p>\n","protected":false},"featured_media":5243,"comment_status":"open","ping_status":"closed","template":"","meta":[],"product_brand":[324],"product_cat":[325],"product_tag":[],"class_list":{"0":"post-5242","1":"product","2":"type-product","3":"status-publish","4":"has-post-thumbnail","6":"product_brand-oraimo","7":"product_cat-accessoires-connectes","9":"first","10":"instock","11":"shipping-taxable","12":"purchasable","13":"product-type-simple"},"_links":{"self":[{"href":"https:\/\/dem-serviceplus.com\/index.php\/wp-json\/wp\/v2\/product\/5242","targetHints":{"allow":["GET"]}}],"collection":[{"href":"https:\/\/dem-serviceplus.com\/index.php\/wp-json\/wp\/v2\/product"}],"about":[{"href":"https:\/\/dem-serviceplus.com\/index.php\/wp-json\/wp\/v2\/types\/product"}],"replies":[{"embeddable":true,"href":"https:\/\/dem-serviceplus.com\/index.php\/wp-json\/wp\/v2\/comments?post=5242"}],"version-history":[{"count":1,"href":"https:\/\/dem-serviceplus.com\/index.php\/wp-json\/wp\/v2\/product\/5242\/revisions"}],"predecessor-version":[{"id":5245,"href":"https:\/\/dem-serviceplus.com\/index.php\/wp-json\/wp\/v2\/product\/5242\/revisions\/5245"}],"wp:featuredmedia":[{"embeddable":true,"href":"https:\/\/dem-serviceplus.com\/index.php\/wp-json\/wp\/v2\/media\/5243"}],"wp:attachment":[{"href":"https:\/\/dem-serviceplus.com\/index.php\/wp-json\/wp\/v2\/media?parent=5242"}],"wp:term":[{"taxonomy":"product_brand","embeddable":true,"href":"https:\/\/dem-serviceplus.com\/index.php\/wp-json\/wp\/v2\/product_brand?post=5242"},{"taxonomy":"product_cat","embeddable":true,"href":"https:\/\/dem-serviceplus.com\/index.php\/wp-json\/wp\/v2\/product_cat?post=5242"},{"taxonomy":"product_tag","embeddable":true,"href":"https:\/\/dem-serviceplus.com\/index.php\/wp-json\/wp\/v2\/product_tag?post=5242"}],"curies":[{"name":"wp","href":"https:\/\/api.w.org\/{rel}","templated":true}]}}