{"id":5234,"date":"2026-04-10T15:35:31","date_gmt":"2026-04-10T13:35:31","guid":{"rendered":"https:\/\/dem-serviceplus.com\/?post_type=product&#038;p=5234"},"modified":"2026-04-10T16:18:28","modified_gmt":"2026-04-10T14:18:28","slug":"oraimo-opensnap-ecouteurs-sans-fil-a-clipser","status":"publish","type":"product","link":"https:\/\/dem-serviceplus.com\/index.php\/produit\/oraimo-opensnap-ecouteurs-sans-fil-a-clipser\/","title":{"rendered":"oraimo OpenSnap \u00c9couteurs sans fil \u00e0 clipser"},"content":{"rendered":"<p><strong>\u00c9couteurs<\/strong><\/p>\n<p>Version Bluetooth : V5.4<\/p>\n<p>Port\u00e9e : 10 m<\/p>\n<p>Autonomie : Jusqu&rsquo;\u00e0 6 heures, l&rsquo;\u00e9tui fournit 20 heures suppl\u00e9mentaires<\/p>\n<p>Capacit\u00e9 de la batterie : 45 mAh 3,7 V (chaque \u00e9couteur)<\/p>\n<p>Temps de charge : Environ 1,5 heure<\/p>\n<p><strong>Bo\u00eetier de chargement<\/strong><\/p>\n<p>Capacit\u00e9 de la batterie : 500 mAh 3,7 V<\/p>\n<p>Temps de charge : Environ 2 heures<\/p>\n<p>*Si le bo\u00eetier de chargement est compl\u00e8tement recharg\u00e9, il peut charger les \u00e9couteurs environ 3 fois.<\/p>\n<p>*R\u00e9sultats des tests du laboratoire oraimo<\/p>\n","protected":false},"excerpt":{"rendered":"<p>\u00c9couteurs Version Bluetooth : V5.4 Port\u00e9e : 10 m Autonomie : Jusqu&rsquo;\u00e0 6 heures, l&rsquo;\u00e9tui fournit 20 heures suppl\u00e9mentaires Capacit\u00e9 de la batterie : 45 mAh 3,7 V (chaque \u00e9couteur) Temps de charge : Environ 1,5 heure Bo\u00eetier de chargement Capacit\u00e9 de la batterie : 500 mAh 3,7 V Temps de charge : Environ 2 [&hellip;]<\/p>\n","protected":false},"featured_media":5235,"comment_status":"open","ping_status":"closed","template":"","meta":[],"product_brand":[324],"product_cat":[325],"product_tag":[],"class_list":{"0":"post-5234","1":"product","2":"type-product","3":"status-publish","4":"has-post-thumbnail","6":"product_brand-oraimo","7":"product_cat-accessoires-connectes","9":"first","10":"instock","11":"sale","12":"shipping-taxable","13":"purchasable","14":"product-type-simple"},"_links":{"self":[{"href":"https:\/\/dem-serviceplus.com\/index.php\/wp-json\/wp\/v2\/product\/5234","targetHints":{"allow":["GET"]}}],"collection":[{"href":"https:\/\/dem-serviceplus.com\/index.php\/wp-json\/wp\/v2\/product"}],"about":[{"href":"https:\/\/dem-serviceplus.com\/index.php\/wp-json\/wp\/v2\/types\/product"}],"replies":[{"embeddable":true,"href":"https:\/\/dem-serviceplus.com\/index.php\/wp-json\/wp\/v2\/comments?post=5234"}],"version-history":[{"count":1,"href":"https:\/\/dem-serviceplus.com\/index.php\/wp-json\/wp\/v2\/product\/5234\/revisions"}],"predecessor-version":[{"id":5236,"href":"https:\/\/dem-serviceplus.com\/index.php\/wp-json\/wp\/v2\/product\/5234\/revisions\/5236"}],"wp:featuredmedia":[{"embeddable":true,"href":"https:\/\/dem-serviceplus.com\/index.php\/wp-json\/wp\/v2\/media\/5235"}],"wp:attachment":[{"href":"https:\/\/dem-serviceplus.com\/index.php\/wp-json\/wp\/v2\/media?parent=5234"}],"wp:term":[{"taxonomy":"product_brand","embeddable":true,"href":"https:\/\/dem-serviceplus.com\/index.php\/wp-json\/wp\/v2\/product_brand?post=5234"},{"taxonomy":"product_cat","embeddable":true,"href":"https:\/\/dem-serviceplus.com\/index.php\/wp-json\/wp\/v2\/product_cat?post=5234"},{"taxonomy":"product_tag","embeddable":true,"href":"https:\/\/dem-serviceplus.com\/index.php\/wp-json\/wp\/v2\/product_tag?post=5234"}],"curies":[{"name":"wp","href":"https:\/\/api.w.org\/{rel}","templated":true}]}}