{"id":5219,"date":"2026-04-10T14:33:10","date_gmt":"2026-04-10T12:33:10","guid":{"rendered":"https:\/\/dem-serviceplus.com\/?post_type=product&#038;p=5219"},"modified":"2026-04-10T16:26:22","modified_gmt":"2026-04-10T14:26:22","slug":"la-montre-connectee-oraimo-osw-851h-x","status":"publish","type":"product","link":"https:\/\/dem-serviceplus.com\/index.php\/produit\/la-montre-connectee-oraimo-osw-851h-x\/","title":{"rendered":"la montre connect\u00e9e Oraimo OSW-851H X"},"content":{"rendered":"<p>V<\/p>\n<div class=\"entry-intro-grid\">\n<div class=\"entry-intro-main\">\n<div class=\"lwptoc lwptoc-autoWidth lwptoc-baseItems lwptoc-light lwptoc-notInherit\" data-smooth-scroll=\"1\" data-smooth-scroll-offset=\"24\">\n<div class=\"lwptoc_i\">\n<div class=\"lwptoc_header\"><span class=\"lwptoc_toggle\"><a class=\"lwptoc_toggle_label\" href=\"https:\/\/manuals.plus\/fr\/oraimo\/osw-851h-smart-watch-x-manual#\" data-label=\"show\">cacher<\/a><\/span><\/div>\n<div class=\"lwptoc_items lwptoc_items-visible\">\n<div class=\"lwptoc_itemWrap\">\n<div class=\"lwptoc_item\"><a href=\"https:\/\/manuals.plus\/fr\/oraimo\/osw-851h-smart-watch-x-manual#oraimo_osw-851h_smart_watch_x\"><span class=\"lwptoc_item_number\"><span dir=\"auto\">1<\/span><\/span><span class=\"lwptoc_item_label\">Montre connect\u00e9e Oraimo OSW-851H X<\/span><\/a><\/div>\n<div class=\"lwptoc_item\"><a href=\"https:\/\/manuals.plus\/fr\/oraimo\/osw-851h-smart-watch-x-manual#package_contents\"><span class=\"lwptoc_item_number\"><span dir=\"auto\">2<\/span><\/span><span class=\"lwptoc_item_label\">CONTENU DU COLIS<\/span><\/a><\/div>\n<div class=\"lwptoc_item\"><a href=\"https:\/\/manuals.plus\/fr\/oraimo\/osw-851h-smart-watch-x-manual#product_overview\"><span class=\"lwptoc_item_number\"><span dir=\"auto\">3<\/span><\/span><span class=\"lwptoc_item_label\">PRODUIT TERMIN\u00c9VIEW<\/span><\/a><\/div>\n<div class=\"lwptoc_item\"><a href=\"https:\/\/manuals.plus\/fr\/oraimo\/osw-851h-smart-watch-x-manual#setting_up_your_smart_watch\"><span class=\"lwptoc_item_number\"><span dir=\"auto\">4<\/span><\/span><span class=\"lwptoc_item_label\">CONFIGURATION DE VOTRE MONTRE INTELLIGENTE<\/span><\/a><\/div>\n<div class=\"lwptoc_item\"><a href=\"https:\/\/manuals.plus\/fr\/oraimo\/osw-851h-smart-watch-x-manual#scan_the_qr_code_to_pair\"><span class=\"lwptoc_item_number\"><span dir=\"auto\">5<\/span><\/span><span class=\"lwptoc_item_label\">SCANNEZ LE CODE QR POUR APPAIRER<\/span><\/a><\/div>\n<div class=\"lwptoc_item\"><a href=\"https:\/\/manuals.plus\/fr\/oraimo\/osw-851h-smart-watch-x-manual#bt_calling\"><span class=\"lwptoc_item_number\"><span dir=\"auto\">6<\/span><\/span><span class=\"lwptoc_item_label\"><span dir=\"auto\">APPLE BT<\/span><\/span><\/a><\/div>\n<div class=\"lwptoc_item\"><a href=\"https:\/\/manuals.plus\/fr\/oraimo\/osw-851h-smart-watch-x-manual#getting_to_know_your_smart_watch\"><span class=\"lwptoc_item_number\"><span dir=\"auto\">7<\/span><\/span><span class=\"lwptoc_item_label\">APPRENEZ \u00c0 CONNA\u00ceTRE VOTRE MONTRE INTELLIGENTE<\/span><\/a><\/div>\n<div class=\"lwptoc_item\"><a href=\"https:\/\/manuals.plus\/fr\/oraimo\/osw-851h-smart-watch-x-manual#troubleshooting_faq\"><span class=\"lwptoc_item_number\"><span dir=\"auto\">8<\/span><\/span><span class=\"lwptoc_item_label\">D\u00c9PANNAGE ET FAQ<\/span><\/a><\/div>\n<div class=\"lwptoc_item\"><a href=\"https:\/\/manuals.plus\/fr\/oraimo\/osw-851h-smart-watch-x-manual#basic_product_specifications\"><span class=\"lwptoc_item_number\"><span dir=\"auto\">9<\/span><\/span><span class=\"lwptoc_item_label\">CARACT\u00c9RISTIQUES DE BASE DU PRODUIT<\/span><\/a><\/div>\n<div class=\"lwptoc_item\"><a href=\"https:\/\/manuals.plus\/fr\/oraimo\/osw-851h-smart-watch-x-manual#customer_service\"><span class=\"lwptoc_item_number\"><span dir=\"auto\">10<\/span><\/span><span class=\"lwptoc_item_label\"><span dir=\"auto\">SERVICE CLIENT<\/span><\/span><\/a><\/div>\n<div class=\"lwptoc_item\"><a href=\"https:\/\/manuals.plus\/fr\/oraimo\/osw-851h-smart-watch-x-manual#warranty_certificate\"><span class=\"lwptoc_item_number\"><span dir=\"auto\">11<\/span><\/span><span class=\"lwptoc_item_label\"><span dir=\"auto\">CERTIFICAT DE GARANTIE<\/span><\/span><\/a><\/div>\n<div class=\"lwptoc_item\"><a href=\"https:\/\/manuals.plus\/fr\/oraimo\/osw-851h-smart-watch-x-manual#warranty_terms_conditions\"><span class=\"lwptoc_item_number\"><span dir=\"auto\">12<\/span><\/span><span class=\"lwptoc_item_label\">CONDITIONS G\u00c9N\u00c9RALES DE GARANTIE<\/span><\/a><\/div>\n<div class=\"lwptoc_item\"><a href=\"https:\/\/manuals.plus\/fr\/oraimo\/osw-851h-smart-watch-x-manual#eu_declaration_of_conformity\"><span class=\"lwptoc_item_number\"><span dir=\"auto\">13<\/span><\/span><span class=\"lwptoc_item_label\">D\u00c9CLARATION DE CONFORMIT\u00c9 DE L&rsquo;UE<\/span><\/a><\/div>\n<\/div>\n<\/div>\n<\/div>\n<\/div>\n<\/div>\n<figure class=\"entry-featured-image notranslate\" translate=\"no\"><img fetchpriority=\"high\" decoding=\"async\" class=\"entry-featured-image-img\" src=\"https:\/\/manuals.plus\/wp-content\/uploads\/2025\/05\/oraimo-OSW-851H-Smart-Watch-X-FEACTURED-1.png\" sizes=\"(max-width: 640px) 100vw, 640px\" srcset=\"https:\/\/manuals.plus\/wp-content\/uploads\/2025\/05\/oraimo-OSW-851H-Smart-Watch-X-FEACTURED-1.png 913w, https:\/\/manuals.plus\/wp-content\/uploads\/2025\/05\/oraimo-OSW-851H-Smart-Watch-X-FEACTURED-1-550x376.png 550w, https:\/\/manuals.plus\/wp-content\/uploads\/2025\/05\/oraimo-OSW-851H-Smart-Watch-X-FEACTURED-1-768x525.png 768w\" alt=\"oraimo OSW-851H Smart Watch X User Guide\" width=\"640\" height=\"437\" \/><\/figure>\n<\/div>\n<div class=\"entry-body-content\">\n<h4><img decoding=\"async\" class=\"aligncenter wp-image-16798461\" src=\"https:\/\/manuals.plus\/wp-content\/uploads\/2025\/05\/oraimo-LOGO-2.png\" alt=\"oraimo-LOGO\" width=\"174\" height=\"43\" \/><\/h4>\n<\/div>\n","protected":false},"excerpt":{"rendered":"<p>V cacher 1Montre connect\u00e9e Oraimo OSW-851H X 2CONTENU DU COLIS 3PRODUIT TERMIN\u00c9VIEW 4CONFIGURATION DE VOTRE MONTRE INTELLIGENTE 5SCANNEZ LE CODE QR POUR APPAIRER 6APPLE BT 7APPRENEZ \u00c0 CONNA\u00ceTRE VOTRE MONTRE INTELLIGENTE 8D\u00c9PANNAGE ET FAQ 9CARACT\u00c9RISTIQUES DE BASE DU PRODUIT 10SERVICE CLIENT 11CERTIFICAT DE GARANTIE 12CONDITIONS G\u00c9N\u00c9RALES DE GARANTIE 13D\u00c9CLARATION DE CONFORMIT\u00c9 DE L&rsquo;UE<\/p>\n","protected":false},"featured_media":5220,"comment_status":"open","ping_status":"closed","template":"","meta":[],"product_brand":[324],"product_cat":[325],"product_tag":[],"class_list":{"0":"post-5219","1":"product","2":"type-product","3":"status-publish","4":"has-post-thumbnail","6":"product_brand-oraimo","7":"product_cat-accessoires-connectes","9":"first","10":"instock","11":"shipping-taxable","12":"purchasable","13":"product-type-simple"},"_links":{"self":[{"href":"https:\/\/dem-serviceplus.com\/index.php\/wp-json\/wp\/v2\/product\/5219","targetHints":{"allow":["GET"]}}],"collection":[{"href":"https:\/\/dem-serviceplus.com\/index.php\/wp-json\/wp\/v2\/product"}],"about":[{"href":"https:\/\/dem-serviceplus.com\/index.php\/wp-json\/wp\/v2\/types\/product"}],"replies":[{"embeddable":true,"href":"https:\/\/dem-serviceplus.com\/index.php\/wp-json\/wp\/v2\/comments?post=5219"}],"version-history":[{"count":1,"href":"https:\/\/dem-serviceplus.com\/index.php\/wp-json\/wp\/v2\/product\/5219\/revisions"}],"predecessor-version":[{"id":5221,"href":"https:\/\/dem-serviceplus.com\/index.php\/wp-json\/wp\/v2\/product\/5219\/revisions\/5221"}],"wp:featuredmedia":[{"embeddable":true,"href":"https:\/\/dem-serviceplus.com\/index.php\/wp-json\/wp\/v2\/media\/5220"}],"wp:attachment":[{"href":"https:\/\/dem-serviceplus.com\/index.php\/wp-json\/wp\/v2\/media?parent=5219"}],"wp:term":[{"taxonomy":"product_brand","embeddable":true,"href":"https:\/\/dem-serviceplus.com\/index.php\/wp-json\/wp\/v2\/product_brand?post=5219"},{"taxonomy":"product_cat","embeddable":true,"href":"https:\/\/dem-serviceplus.com\/index.php\/wp-json\/wp\/v2\/product_cat?post=5219"},{"taxonomy":"product_tag","embeddable":true,"href":"https:\/\/dem-serviceplus.com\/index.php\/wp-json\/wp\/v2\/product_tag?post=5219"}],"curies":[{"name":"wp","href":"https:\/\/api.w.org\/{rel}","templated":true}]}}