{"id":5214,"date":"2026-04-10T14:27:44","date_gmt":"2026-04-10T12:27:44","guid":{"rendered":"https:\/\/dem-serviceplus.com\/?post_type=product&#038;p=5214"},"modified":"2026-04-10T16:21:15","modified_gmt":"2026-04-10T14:21:15","slug":"oraimo-montre-pro-am-intelligente-amoled-ip68-osw-811h","status":"publish","type":"product","link":"https:\/\/dem-serviceplus.com\/index.php\/produit\/oraimo-montre-pro-am-intelligente-amoled-ip68-osw-811h\/","title":{"rendered":"Oraimo Montre Pro AM Intelligente AMOLED IP68 OSW-811H"},"content":{"rendered":"<p><strong>Exp\u00e9rience technologique unique bas\u00e9e sur l&rsquo;IA<\/strong><\/p>\n<p><strong>Cadrans de montre g\u00e9n\u00e9r\u00e9s par l&rsquo;IA<\/strong><\/p>\n<p>&nbsp;<\/p>\n<p>D\u00e9couvrez l&rsquo;innovation de pointe avec la montre connect\u00e9e Oraimo AI. T\u00e9l\u00e9chargez l&rsquo;application Oraimo Health pour cr\u00e9er votre cadran de montre unique g\u00e9n\u00e9r\u00e9 par l&rsquo;IA.<\/p>\n<p>Mod\u00e8le compatible : oraimo Watch Pro AM, Watch 4, 4 Lite, Watch 5, Watch Nova AM et mod\u00e8les plus r\u00e9cents<\/p>\n<p>*La version requise de l&rsquo;application oraimo health doit \u00eatre 1.7.0 ou plus r\u00e9cente<\/p>\n","protected":false},"excerpt":{"rendered":"<p>Exp\u00e9rience technologique unique bas\u00e9e sur l&rsquo;IA Cadrans de montre g\u00e9n\u00e9r\u00e9s par l&rsquo;IA &nbsp; D\u00e9couvrez l&rsquo;innovation de pointe avec la montre connect\u00e9e Oraimo AI. T\u00e9l\u00e9chargez l&rsquo;application Oraimo Health pour cr\u00e9er votre cadran de montre unique g\u00e9n\u00e9r\u00e9 par l&rsquo;IA. Mod\u00e8le compatible : oraimo Watch Pro AM, Watch 4, 4 Lite, Watch 5, Watch Nova AM et mod\u00e8les [&hellip;]<\/p>\n","protected":false},"featured_media":5215,"comment_status":"open","ping_status":"closed","template":"","meta":[],"product_brand":[324],"product_cat":[325],"product_tag":[],"class_list":{"0":"post-5214","1":"product","2":"type-product","3":"status-publish","4":"has-post-thumbnail","6":"product_brand-oraimo","7":"product_cat-accessoires-connectes","9":"first","10":"instock","11":"sale","12":"shipping-taxable","13":"purchasable","14":"product-type-simple"},"_links":{"self":[{"href":"https:\/\/dem-serviceplus.com\/index.php\/wp-json\/wp\/v2\/product\/5214","targetHints":{"allow":["GET"]}}],"collection":[{"href":"https:\/\/dem-serviceplus.com\/index.php\/wp-json\/wp\/v2\/product"}],"about":[{"href":"https:\/\/dem-serviceplus.com\/index.php\/wp-json\/wp\/v2\/types\/product"}],"replies":[{"embeddable":true,"href":"https:\/\/dem-serviceplus.com\/index.php\/wp-json\/wp\/v2\/comments?post=5214"}],"version-history":[{"count":1,"href":"https:\/\/dem-serviceplus.com\/index.php\/wp-json\/wp\/v2\/product\/5214\/revisions"}],"predecessor-version":[{"id":5217,"href":"https:\/\/dem-serviceplus.com\/index.php\/wp-json\/wp\/v2\/product\/5214\/revisions\/5217"}],"wp:featuredmedia":[{"embeddable":true,"href":"https:\/\/dem-serviceplus.com\/index.php\/wp-json\/wp\/v2\/media\/5215"}],"wp:attachment":[{"href":"https:\/\/dem-serviceplus.com\/index.php\/wp-json\/wp\/v2\/media?parent=5214"}],"wp:term":[{"taxonomy":"product_brand","embeddable":true,"href":"https:\/\/dem-serviceplus.com\/index.php\/wp-json\/wp\/v2\/product_brand?post=5214"},{"taxonomy":"product_cat","embeddable":true,"href":"https:\/\/dem-serviceplus.com\/index.php\/wp-json\/wp\/v2\/product_cat?post=5214"},{"taxonomy":"product_tag","embeddable":true,"href":"https:\/\/dem-serviceplus.com\/index.php\/wp-json\/wp\/v2\/product_tag?post=5214"}],"curies":[{"name":"wp","href":"https:\/\/api.w.org\/{rel}","templated":true}]}}