{"id":5198,"date":"2026-04-10T14:03:16","date_gmt":"2026-04-10T12:03:16","guid":{"rendered":"https:\/\/dem-serviceplus.com\/?post_type=product&#038;p=5198"},"modified":"2026-04-10T14:03:33","modified_gmt":"2026-04-10T12:03:33","slug":"oraimo-montre-nova-2-lite-osw-814l","status":"publish","type":"product","link":"https:\/\/dem-serviceplus.com\/index.php\/produit\/oraimo-montre-nova-2-lite-osw-814l\/","title":{"rendered":"Oraimo Montre Nova 2 Lite OSW-814L-"},"content":{"rendered":"<p>\u00c9cran tactile couleur AMOLED 1,93\u00a0\u00bb<br \/>\nCouleurs vives, affichage \u00e9clatant<br \/>\nL&rsquo;\u00e9cran tactile AMOLED 1,93\u00a0\u00bb offre des couleurs \u00e9clatantes et une clart\u00e9 haute r\u00e9solution pour une exp\u00e9rience visuelle exceptionnelle.<\/p>\n","protected":false},"excerpt":{"rendered":"<p>\u00c9cran tactile couleur AMOLED 1,93\u00a0\u00bb Couleurs vives, affichage \u00e9clatant L&rsquo;\u00e9cran tactile AMOLED 1,93\u00a0\u00bb offre des couleurs \u00e9clatantes et une clart\u00e9 haute r\u00e9solution pour une exp\u00e9rience visuelle exceptionnelle.<\/p>\n","protected":false},"featured_media":5199,"comment_status":"open","ping_status":"closed","template":"","meta":[],"product_brand":[324],"product_cat":[235],"product_tag":[],"class_list":{"0":"post-5198","1":"product","2":"type-product","3":"status-publish","4":"has-post-thumbnail","6":"product_brand-oraimo","7":"product_cat-sc","9":"first","10":"instock","11":"shipping-taxable","12":"purchasable","13":"product-type-simple"},"_links":{"self":[{"href":"https:\/\/dem-serviceplus.com\/index.php\/wp-json\/wp\/v2\/product\/5198","targetHints":{"allow":["GET"]}}],"collection":[{"href":"https:\/\/dem-serviceplus.com\/index.php\/wp-json\/wp\/v2\/product"}],"about":[{"href":"https:\/\/dem-serviceplus.com\/index.php\/wp-json\/wp\/v2\/types\/product"}],"replies":[{"embeddable":true,"href":"https:\/\/dem-serviceplus.com\/index.php\/wp-json\/wp\/v2\/comments?post=5198"}],"version-history":[{"count":1,"href":"https:\/\/dem-serviceplus.com\/index.php\/wp-json\/wp\/v2\/product\/5198\/revisions"}],"predecessor-version":[{"id":5200,"href":"https:\/\/dem-serviceplus.com\/index.php\/wp-json\/wp\/v2\/product\/5198\/revisions\/5200"}],"wp:featuredmedia":[{"embeddable":true,"href":"https:\/\/dem-serviceplus.com\/index.php\/wp-json\/wp\/v2\/media\/5199"}],"wp:attachment":[{"href":"https:\/\/dem-serviceplus.com\/index.php\/wp-json\/wp\/v2\/media?parent=5198"}],"wp:term":[{"taxonomy":"product_brand","embeddable":true,"href":"https:\/\/dem-serviceplus.com\/index.php\/wp-json\/wp\/v2\/product_brand?post=5198"},{"taxonomy":"product_cat","embeddable":true,"href":"https:\/\/dem-serviceplus.com\/index.php\/wp-json\/wp\/v2\/product_cat?post=5198"},{"taxonomy":"product_tag","embeddable":true,"href":"https:\/\/dem-serviceplus.com\/index.php\/wp-json\/wp\/v2\/product_tag?post=5198"}],"curies":[{"name":"wp","href":"https:\/\/api.w.org\/{rel}","templated":true}]}}