{"id":5120,"date":"2026-04-09T18:42:37","date_gmt":"2026-04-09T16:42:37","guid":{"rendered":"https:\/\/dem-serviceplus.com\/?post_type=product&#038;p=5120"},"modified":"2026-04-09T20:38:37","modified_gmt":"2026-04-09T18:38:37","slug":"carte-memoire-sdxc-256-go-sandisk-extreme-pro-jusqua-200-mo-s-classe-10-u3","status":"publish","type":"product","link":"https:\/\/dem-serviceplus.com\/index.php\/produit\/carte-memoire-sdxc-256-go-sandisk-extreme-pro-jusqua-200-mo-s-classe-10-u3\/","title":{"rendered":"Carte M\u00e9moire SDXC 256 Go Sandisk Extreme Pro jusqu\u2019\u00e0 200 Mo-s, Classe 10, U3"},"content":{"rendered":"<p>Lisez jusqu\u2019\u00e0 200 Mo \/ s. Jusqu\u2019\u00e0 90 Mo \/ s. 4K Ultra HD (3840 x 2160p). Full HD (1920 x 1080p). Compatible avec les p\u00e9riph\u00e9riques h\u00f4tes compatibles SDXC et SDXC-I (UHS-I). R\u00e9sistant aux chocs, aux rayons X et \u00e0 l\u2019eau pour une utilisation prolong\u00e9e.<\/p>\n<p>Cat\u00e9gorie\u00a0:\u00a0Carte m\u00e9moire<\/p>\n","protected":false},"excerpt":{"rendered":"<p>Lisez jusqu\u2019\u00e0 200 Mo \/ s. Jusqu\u2019\u00e0 90 Mo \/ s. 4K Ultra HD (3840 x 2160p). Full HD (1920 x 1080p). Compatible avec les p\u00e9riph\u00e9riques h\u00f4tes compatibles SDXC et SDXC-I (UHS-I). R\u00e9sistant aux chocs, aux rayons X et \u00e0 l\u2019eau pour une utilisation prolong\u00e9e. Cat\u00e9gorie\u00a0:\u00a0Carte m\u00e9moire<\/p>\n","protected":false},"featured_media":5122,"comment_status":"open","ping_status":"closed","template":"","meta":[],"product_brand":[],"product_cat":[325],"product_tag":[],"class_list":{"0":"post-5120","1":"product","2":"type-product","3":"status-publish","4":"has-post-thumbnail","6":"product_cat-accessoires-connectes","8":"first","9":"instock","10":"sale","11":"shipping-taxable","12":"purchasable","13":"product-type-simple"},"_links":{"self":[{"href":"https:\/\/dem-serviceplus.com\/index.php\/wp-json\/wp\/v2\/product\/5120","targetHints":{"allow":["GET"]}}],"collection":[{"href":"https:\/\/dem-serviceplus.com\/index.php\/wp-json\/wp\/v2\/product"}],"about":[{"href":"https:\/\/dem-serviceplus.com\/index.php\/wp-json\/wp\/v2\/types\/product"}],"replies":[{"embeddable":true,"href":"https:\/\/dem-serviceplus.com\/index.php\/wp-json\/wp\/v2\/comments?post=5120"}],"version-history":[{"count":1,"href":"https:\/\/dem-serviceplus.com\/index.php\/wp-json\/wp\/v2\/product\/5120\/revisions"}],"predecessor-version":[{"id":5123,"href":"https:\/\/dem-serviceplus.com\/index.php\/wp-json\/wp\/v2\/product\/5120\/revisions\/5123"}],"wp:featuredmedia":[{"embeddable":true,"href":"https:\/\/dem-serviceplus.com\/index.php\/wp-json\/wp\/v2\/media\/5122"}],"wp:attachment":[{"href":"https:\/\/dem-serviceplus.com\/index.php\/wp-json\/wp\/v2\/media?parent=5120"}],"wp:term":[{"taxonomy":"product_brand","embeddable":true,"href":"https:\/\/dem-serviceplus.com\/index.php\/wp-json\/wp\/v2\/product_brand?post=5120"},{"taxonomy":"product_cat","embeddable":true,"href":"https:\/\/dem-serviceplus.com\/index.php\/wp-json\/wp\/v2\/product_cat?post=5120"},{"taxonomy":"product_tag","embeddable":true,"href":"https:\/\/dem-serviceplus.com\/index.php\/wp-json\/wp\/v2\/product_tag?post=5120"}],"curies":[{"name":"wp","href":"https:\/\/api.w.org\/{rel}","templated":true}]}}