{"id":5098,"date":"2026-04-09T17:35:13","date_gmt":"2026-04-09T15:35:13","guid":{"rendered":"https:\/\/dem-serviceplus.com\/?post_type=product&#038;p=5098"},"modified":"2026-04-09T20:40:58","modified_gmt":"2026-04-09T18:40:58","slug":"manette-xbox-one-sans-fil","status":"publish","type":"product","link":"https:\/\/dem-serviceplus.com\/index.php\/produit\/manette-xbox-one-sans-fil\/","title":{"rendered":"Manette Xbox One Sans Fil"},"content":{"rendered":"<p>D\u00e9j\u00e0 salu\u00e9e sur XBox 360 pour son ergonomie quasiment irr\u00e9prochable, Microsoft se permet pourtant quelques petits r\u00e9ajustements sur sa nouvelle manette\u00a0Xbox One\u00a0pour un r\u00e9sultat forc\u00e9ment proche de la perfection. Finition haut de gamme, croix directionnelle plus pr\u00e9cise et esth\u00e9tique agr\u00e9able, la manette Xbox One fait d&rsquo;ores et d\u00e9j\u00e0 figure de r\u00e9f\u00e9rence.<\/p>\n<p>(Manette Xbox One officielle, sans-fil)<\/p>\n","protected":false},"excerpt":{"rendered":"<p>D\u00e9j\u00e0 salu\u00e9e sur XBox 360 pour son ergonomie quasiment irr\u00e9prochable, Microsoft se permet pourtant quelques petits r\u00e9ajustements sur sa nouvelle manette\u00a0Xbox One\u00a0pour un r\u00e9sultat forc\u00e9ment proche de la perfection. Finition haut de gamme, croix directionnelle plus pr\u00e9cise et esth\u00e9tique agr\u00e9able, la manette Xbox One fait d&rsquo;ores et d\u00e9j\u00e0 figure de r\u00e9f\u00e9rence. (Manette Xbox One officielle, [&hellip;]<\/p>\n","protected":false},"featured_media":5103,"comment_status":"open","ping_status":"closed","template":"","meta":[],"product_brand":[333],"product_cat":[327],"product_tag":[],"class_list":{"0":"post-5098","1":"product","2":"type-product","3":"status-publish","4":"has-post-thumbnail","6":"product_brand-xbox","7":"product_cat-gaming","9":"first","10":"instock","11":"shipping-taxable","12":"purchasable","13":"product-type-simple"},"_links":{"self":[{"href":"https:\/\/dem-serviceplus.com\/index.php\/wp-json\/wp\/v2\/product\/5098","targetHints":{"allow":["GET"]}}],"collection":[{"href":"https:\/\/dem-serviceplus.com\/index.php\/wp-json\/wp\/v2\/product"}],"about":[{"href":"https:\/\/dem-serviceplus.com\/index.php\/wp-json\/wp\/v2\/types\/product"}],"replies":[{"embeddable":true,"href":"https:\/\/dem-serviceplus.com\/index.php\/wp-json\/wp\/v2\/comments?post=5098"}],"version-history":[{"count":1,"href":"https:\/\/dem-serviceplus.com\/index.php\/wp-json\/wp\/v2\/product\/5098\/revisions"}],"predecessor-version":[{"id":5104,"href":"https:\/\/dem-serviceplus.com\/index.php\/wp-json\/wp\/v2\/product\/5098\/revisions\/5104"}],"wp:featuredmedia":[{"embeddable":true,"href":"https:\/\/dem-serviceplus.com\/index.php\/wp-json\/wp\/v2\/media\/5103"}],"wp:attachment":[{"href":"https:\/\/dem-serviceplus.com\/index.php\/wp-json\/wp\/v2\/media?parent=5098"}],"wp:term":[{"taxonomy":"product_brand","embeddable":true,"href":"https:\/\/dem-serviceplus.com\/index.php\/wp-json\/wp\/v2\/product_brand?post=5098"},{"taxonomy":"product_cat","embeddable":true,"href":"https:\/\/dem-serviceplus.com\/index.php\/wp-json\/wp\/v2\/product_cat?post=5098"},{"taxonomy":"product_tag","embeddable":true,"href":"https:\/\/dem-serviceplus.com\/index.php\/wp-json\/wp\/v2\/product_tag?post=5098"}],"curies":[{"name":"wp","href":"https:\/\/api.w.org\/{rel}","templated":true}]}}