{"id":5068,"date":"2026-04-09T15:08:46","date_gmt":"2026-04-09T13:08:46","guid":{"rendered":"https:\/\/dem-serviceplus.com\/?post_type=product&#038;p=5068"},"modified":"2026-04-09T20:42:07","modified_gmt":"2026-04-09T18:42:07","slug":"diswoe-2-pack-manette-pour-xbox-360-2-pack-manette-pc-joystick-manette-de-jeu-pour-xbox-360-slim-pc-windows-7-8-10-11-xp-gamepad-filaire-avec-double-vibration-design-ergonomique","status":"publish","type":"product","link":"https:\/\/dem-serviceplus.com\/index.php\/produit\/diswoe-2-pack-manette-pour-xbox-360-2-pack-manette-pc-joystick-manette-de-jeu-pour-xbox-360-slim-pc-windows-7-8-10-11-xp-gamepad-filaire-avec-double-vibration-design-ergonomique\/","title":{"rendered":"Diswoe 2 Pack Manette pour Xbox 360, 2 Pack Manette PC, Joystick Manette de Jeu pour Xbox 360\/ Slim\/PC Windows 7\/8\/10\/11\/XP, Gamepad Filaire avec Double Vibration\/Design Ergonomique"},"content":{"rendered":"<p>Deux Manettes dans Une Seule Bo\u00eete\u3011Une bo\u00eete contient deux manettes du m\u00eame mod\u00e8le, ce qui est plus \u00e9conomique que de les acheter s\u00e9par\u00e9ment. Vous pouvez ainsi obtenir deux manettes PC identiques simultan\u00e9ment, permettant \u00e0 deux joueurs de jouer simultan\u00e9ment.\u3010Large Compatibilit\u00e9\u3011La manette est enti\u00e8rement compatible avec les syst\u00e8mes d&rsquo;exploitation Xbox 360 \/ Xbox 360 Slim et Microsoft PC Windows 7\/8\/10\/11\/XP. Remarque : cette manette est fabriqu\u00e9e par une soci\u00e9t\u00e9 tierce, et non par Microsoft.\u3010Double Vibration et Prise Casque\u3011Les deux moteurs de vibration int\u00e9gr\u00e9s et les capteurs de pression vibrent \u00e0 chaque mouvement. Ressentez chaque impact et explosion gr\u00e2ce aux vibrations des deux mains. La manette est \u00e9quip\u00e9e d&rsquo;une prise casque 2,5 mm int\u00e9gr\u00e9e, compatible avec le casque Xbox 360 d&rsquo;origine, et les effets sonores haute fid\u00e9lit\u00e9 plongent les joueurs dans le jeu.\u3010Excellente Exp\u00e9rience de Jeu\u3011Les joueurs peuvent activer ou d\u00e9sactiver la prise casque selon leurs pr\u00e9f\u00e9rences. La manette comprend deux g\u00e2chettes de point de pression, deux joysticks, deux moteurs de retour de vibration et un pav\u00e9 directionnel \u00e0 8 directions. Des boutons ultra-sensibles et une r\u00e9activit\u00e9 optimale offrent une exp\u00e9rience de jeu optimale.\u3010Branchez et Jouez\u3011La manette \u00e9tend le c\u00e2ble USB jusqu&rsquo;\u00e0 2 m\u00e8tres, vous permettant ainsi de profiter pleinement de votre exp\u00e9rience de jeu. Connectez le c\u00e2ble USB \u00e0 votre Xbox 360 ou PC et profitez du jeu sans t\u00e9l\u00e9charger ni installer de logiciel.\u3010Design Ergonomique\u3011la poign\u00e9e de la manette est ergonomique. Le nouveau design au niveau des \u00e9paules et la prise en main simplifi\u00e9e s&rsquo;adaptent mieux \u00e0 la main, \u00e9vitant ainsi la fatigue pendant les longues parties.<\/p>\n<p>\u203a\u00a0Voir plus de d\u00e9tails<\/p>\n<p>D\u00e9tails suppl\u00e9mentaires<\/p>\n<p>V\u00e9rifi\u00e9 par Transparency<\/p>\n<p>En savoir plus \u00a0\u00bb data-a-recalculate=\u00a0\u00bbfalse\u00a0\u00bb data-a-updated=\u00a0\u00bbtrue\u00a0\u00bb style=\u00a0\u00bbbox-sizing: border-box; position: relative; display: inline-block; width: 147.542px; overflow: hidden; word-break: normal; line-height: 1.3em !important; max-height: 2.6em;\u00a0\u00bb>Chaque article poss\u00e8de un code unique que nous v\u00e9rifions avant l&rsquo;exp\u00e9dition.\u00a0En savoir plusChaque article poss\u00e8\u2026\u00a0En savoir plus<\/p>\n","protected":false},"excerpt":{"rendered":"<p>Deux Manettes dans Une Seule Bo\u00eete\u3011Une bo\u00eete contient deux manettes du m\u00eame mod\u00e8le, ce qui est plus \u00e9conomique que de les acheter s\u00e9par\u00e9ment. Vous pouvez ainsi obtenir deux manettes PC identiques simultan\u00e9ment, permettant \u00e0 deux joueurs de jouer simultan\u00e9ment.\u3010Large Compatibilit\u00e9\u3011La manette est enti\u00e8rement compatible avec les syst\u00e8mes d&rsquo;exploitation Xbox 360 \/ Xbox 360 Slim et [&hellip;]<\/p>\n","protected":false},"featured_media":5065,"comment_status":"open","ping_status":"closed","template":"","meta":[],"product_brand":[333],"product_cat":[327],"product_tag":[],"class_list":{"0":"post-5068","1":"product","2":"type-product","3":"status-publish","4":"has-post-thumbnail","6":"product_brand-xbox","7":"product_cat-gaming","9":"first","10":"instock","11":"shipping-taxable","12":"purchasable","13":"product-type-simple"},"_links":{"self":[{"href":"https:\/\/dem-serviceplus.com\/index.php\/wp-json\/wp\/v2\/product\/5068","targetHints":{"allow":["GET"]}}],"collection":[{"href":"https:\/\/dem-serviceplus.com\/index.php\/wp-json\/wp\/v2\/product"}],"about":[{"href":"https:\/\/dem-serviceplus.com\/index.php\/wp-json\/wp\/v2\/types\/product"}],"replies":[{"embeddable":true,"href":"https:\/\/dem-serviceplus.com\/index.php\/wp-json\/wp\/v2\/comments?post=5068"}],"version-history":[{"count":1,"href":"https:\/\/dem-serviceplus.com\/index.php\/wp-json\/wp\/v2\/product\/5068\/revisions"}],"predecessor-version":[{"id":5069,"href":"https:\/\/dem-serviceplus.com\/index.php\/wp-json\/wp\/v2\/product\/5068\/revisions\/5069"}],"wp:featuredmedia":[{"embeddable":true,"href":"https:\/\/dem-serviceplus.com\/index.php\/wp-json\/wp\/v2\/media\/5065"}],"wp:attachment":[{"href":"https:\/\/dem-serviceplus.com\/index.php\/wp-json\/wp\/v2\/media?parent=5068"}],"wp:term":[{"taxonomy":"product_brand","embeddable":true,"href":"https:\/\/dem-serviceplus.com\/index.php\/wp-json\/wp\/v2\/product_brand?post=5068"},{"taxonomy":"product_cat","embeddable":true,"href":"https:\/\/dem-serviceplus.com\/index.php\/wp-json\/wp\/v2\/product_cat?post=5068"},{"taxonomy":"product_tag","embeddable":true,"href":"https:\/\/dem-serviceplus.com\/index.php\/wp-json\/wp\/v2\/product_tag?post=5068"}],"curies":[{"name":"wp","href":"https:\/\/api.w.org\/{rel}","templated":true}]}}