{"id":5050,"date":"2026-04-09T14:07:52","date_gmt":"2026-04-09T12:07:52","guid":{"rendered":"https:\/\/dem-serviceplus.com\/?post_type=product&#038;p=5050"},"modified":"2026-04-09T20:42:15","modified_gmt":"2026-04-09T18:42:15","slug":"playstation-sony-manette-ps4-dualshock-4-officielle-accessoire-4-sans-fil-batterie-rechargeable-bluetooth-couleur-bleu","status":"publish","type":"product","link":"https:\/\/dem-serviceplus.com\/index.php\/produit\/playstation-sony-manette-ps4-dualshock-4-officielle-accessoire-4-sans-fil-batterie-rechargeable-bluetooth-couleur-bleu\/","title":{"rendered":"Playstation Sony, Manette PS4 DUALSHOCK 4 Officielle, Accessoire 4, Sans Fil, Batterie Rechargeable, Bluetooth, Couleur : Bleu"},"content":{"rendered":"<p>Manette DUALSHOCK 4 sans fil pour PS4, pour plus de sensibilit\u00e9 et de meilleurs exp\u00e9riences avec vos jeux PS4; Utilisable comme manette PC (compatible avec Windows, Mac OS, Android, IOS)Caract\u00e9ristiques : Haut-parleur mono int\u00e9gr\u00e9, Moteur de vibration intense, Pav\u00e9 tactile, D\u00e9tection de mouvements six axes, Port USB et d\u2019extension, sortie de casque st\u00e9r\u00e9oTechnologie Share : Partage et diffusion en streaming de vid\u00e9os de vos meilleures parties avec les autres joueursBatterie rechargeable int\u00e9gr\u00e9e, Possibilit\u00e9 de jouer et de recharger la batterie simultan\u00e9mentContenu : 1 x Sony Manette DUALSHOCK 4 sans fil pour PS4, Dimensions : 16,2&#215;5,2&#215;9,8 cm (LxPxH), Poids : 210 g, Batterie rechargeable, Capacit\u00e9 de la batterie : 1000 mAh, Guide d\u2019utilisation, Mat\u00e9riau : Plastique, Couleur : Bleue<\/p>\n","protected":false},"excerpt":{"rendered":"<p>Manette DUALSHOCK 4 sans fil pour PS4, pour plus de sensibilit\u00e9 et de meilleurs exp\u00e9riences avec vos jeux PS4; Utilisable comme manette PC (compatible avec Windows, Mac OS, Android, IOS)Caract\u00e9ristiques : Haut-parleur mono int\u00e9gr\u00e9, Moteur de vibration intense, Pav\u00e9 tactile, D\u00e9tection de mouvements six axes, Port USB et d\u2019extension, sortie de casque st\u00e9r\u00e9oTechnologie Share : [&hellip;]<\/p>\n","protected":false},"featured_media":5054,"comment_status":"open","ping_status":"closed","template":"","meta":[],"product_brand":[332],"product_cat":[327],"product_tag":[],"class_list":{"0":"post-5050","1":"product","2":"type-product","3":"status-publish","4":"has-post-thumbnail","6":"product_brand-playstation","7":"product_cat-gaming","9":"first","10":"instock","11":"shipping-taxable","12":"purchasable","13":"product-type-simple"},"_links":{"self":[{"href":"https:\/\/dem-serviceplus.com\/index.php\/wp-json\/wp\/v2\/product\/5050","targetHints":{"allow":["GET"]}}],"collection":[{"href":"https:\/\/dem-serviceplus.com\/index.php\/wp-json\/wp\/v2\/product"}],"about":[{"href":"https:\/\/dem-serviceplus.com\/index.php\/wp-json\/wp\/v2\/types\/product"}],"replies":[{"embeddable":true,"href":"https:\/\/dem-serviceplus.com\/index.php\/wp-json\/wp\/v2\/comments?post=5050"}],"version-history":[{"count":1,"href":"https:\/\/dem-serviceplus.com\/index.php\/wp-json\/wp\/v2\/product\/5050\/revisions"}],"predecessor-version":[{"id":5055,"href":"https:\/\/dem-serviceplus.com\/index.php\/wp-json\/wp\/v2\/product\/5050\/revisions\/5055"}],"wp:featuredmedia":[{"embeddable":true,"href":"https:\/\/dem-serviceplus.com\/index.php\/wp-json\/wp\/v2\/media\/5054"}],"wp:attachment":[{"href":"https:\/\/dem-serviceplus.com\/index.php\/wp-json\/wp\/v2\/media?parent=5050"}],"wp:term":[{"taxonomy":"product_brand","embeddable":true,"href":"https:\/\/dem-serviceplus.com\/index.php\/wp-json\/wp\/v2\/product_brand?post=5050"},{"taxonomy":"product_cat","embeddable":true,"href":"https:\/\/dem-serviceplus.com\/index.php\/wp-json\/wp\/v2\/product_cat?post=5050"},{"taxonomy":"product_tag","embeddable":true,"href":"https:\/\/dem-serviceplus.com\/index.php\/wp-json\/wp\/v2\/product_tag?post=5050"}],"curies":[{"name":"wp","href":"https:\/\/api.w.org\/{rel}","templated":true}]}}