{"id":5040,"date":"2026-04-09T13:48:12","date_gmt":"2026-04-09T11:48:12","guid":{"rendered":"https:\/\/dem-serviceplus.com\/?post_type=product&#038;p=5040"},"modified":"2026-04-09T20:43:11","modified_gmt":"2026-04-09T18:43:11","slug":"dualsense-wireless-controller-white-manette-ps5","status":"publish","type":"product","link":"https:\/\/dem-serviceplus.com\/index.php\/produit\/dualsense-wireless-controller-white-manette-ps5\/","title":{"rendered":"DualSense Wireless Controller &#8211; White manette ps5"},"content":{"rendered":"<p>Donnez vie aux univers de jeu. Ressentez les sensations de vos actions et votre environnement de jeu simul\u00e9es gr\u00e2ce \u00e0 des commentaires haptiques*. Faites l\u2019exp\u00e9rience de diff\u00e9rentes forces et tensions au bout de vos doigts avec des d\u00e9clencheurs adaptatifs*Trouvez votre voix, partagez votre passion. Discutez en ligne gr\u00e2ce au microphone int\u00e9gr\u00e9. Vous pouvez connecter un casque directement \u00e0 l\u2019aide de la prise jack de 3,5 mm. Enregistrez et diffusez vos moments de jeu \u00e9piques gr\u00e2ce au bouton Cr\u00e9er.Une ic\u00f4ne de jeu dans vos mains. Profitez d\u2019une conception confortable et \u00e9volu\u00e9e avec une disposition embl\u00e9matique et des b\u00e2tons am\u00e9lior\u00e9s. \u00c9coutez des effets sonores plus fid\u00e8les** gr\u00e2ce au haut-parleur int\u00e9gr\u00e9 dans les jeux pris en charge.Connectivit\u00e9 multi-p\u00e9riph\u00e9riques. Connectez-vous \u00e0 l\u2019aide d\u2019un c\u00e2ble USB Type-C ou de la technologie Bluetooth et jouez facilement sur un plus grand nombre d\u2019appareils, y compris les ordinateurs portables Windows et Mac.Rehaussez votre exp\u00e9rience de jeu sur PC gr\u00e2ce \u00e0 des fonctionnalit\u00e9s avanc\u00e9es telles que la r\u00e9troaction haptique et les g\u00e2chettes adaptatives dans une large gamme de jeux PC \u00e0 succ\u00e8s.<\/p>\n","protected":false},"excerpt":{"rendered":"<p>Donnez vie aux univers de jeu. Ressentez les sensations de vos actions et votre environnement de jeu simul\u00e9es gr\u00e2ce \u00e0 des commentaires haptiques*. Faites l\u2019exp\u00e9rience de diff\u00e9rentes forces et tensions au bout de vos doigts avec des d\u00e9clencheurs adaptatifs*Trouvez votre voix, partagez votre passion. Discutez en ligne gr\u00e2ce au microphone int\u00e9gr\u00e9. Vous pouvez connecter un [&hellip;]<\/p>\n","protected":false},"featured_media":5041,"comment_status":"open","ping_status":"closed","template":"","meta":[],"product_brand":[332],"product_cat":[327],"product_tag":[],"class_list":{"0":"post-5040","1":"product","2":"type-product","3":"status-publish","4":"has-post-thumbnail","6":"product_brand-playstation","7":"product_cat-gaming","9":"first","10":"instock","11":"shipping-taxable","12":"purchasable","13":"product-type-simple"},"_links":{"self":[{"href":"https:\/\/dem-serviceplus.com\/index.php\/wp-json\/wp\/v2\/product\/5040","targetHints":{"allow":["GET"]}}],"collection":[{"href":"https:\/\/dem-serviceplus.com\/index.php\/wp-json\/wp\/v2\/product"}],"about":[{"href":"https:\/\/dem-serviceplus.com\/index.php\/wp-json\/wp\/v2\/types\/product"}],"replies":[{"embeddable":true,"href":"https:\/\/dem-serviceplus.com\/index.php\/wp-json\/wp\/v2\/comments?post=5040"}],"version-history":[{"count":1,"href":"https:\/\/dem-serviceplus.com\/index.php\/wp-json\/wp\/v2\/product\/5040\/revisions"}],"predecessor-version":[{"id":5046,"href":"https:\/\/dem-serviceplus.com\/index.php\/wp-json\/wp\/v2\/product\/5040\/revisions\/5046"}],"wp:featuredmedia":[{"embeddable":true,"href":"https:\/\/dem-serviceplus.com\/index.php\/wp-json\/wp\/v2\/media\/5041"}],"wp:attachment":[{"href":"https:\/\/dem-serviceplus.com\/index.php\/wp-json\/wp\/v2\/media?parent=5040"}],"wp:term":[{"taxonomy":"product_brand","embeddable":true,"href":"https:\/\/dem-serviceplus.com\/index.php\/wp-json\/wp\/v2\/product_brand?post=5040"},{"taxonomy":"product_cat","embeddable":true,"href":"https:\/\/dem-serviceplus.com\/index.php\/wp-json\/wp\/v2\/product_cat?post=5040"},{"taxonomy":"product_tag","embeddable":true,"href":"https:\/\/dem-serviceplus.com\/index.php\/wp-json\/wp\/v2\/product_tag?post=5040"}],"curies":[{"name":"wp","href":"https:\/\/api.w.org\/{rel}","templated":true}]}}