{"id":5022,"date":"2026-04-09T13:09:55","date_gmt":"2026-04-09T11:09:55","guid":{"rendered":"https:\/\/dem-serviceplus.com\/?post_type=product&#038;p=5022"},"modified":"2026-04-09T20:44:27","modified_gmt":"2026-04-09T18:44:27","slug":"oraimo-traveler-20000mah-12w-power-bank","status":"publish","type":"product","link":"https:\/\/dem-serviceplus.com\/index.php\/produit\/oraimo-traveler-20000mah-12w-power-bank\/","title":{"rendered":"oraimo traveler  20000mAh 12W Power Bank"},"content":{"rendered":"<p>Param\u00e8tres du Produit :<\/p>\n<p>Capacit\u00e9 : 20000mAh (74Wh)<\/p>\n<p>Entr\u00e9e 1 (Type-C) : 5V 2.4A<\/p>\n<p>Entr\u00e9e 2 (Micro USB) : 5V 2A<\/p>\n<p>Sortie 1\/Sortie 2 (USB-A) : 5V 2.4A (Max)<\/p>\n<p>Sortie 3 (Type-C) : 5V 2.4A (Max)<\/p>\n<p>Mod\u00e8le : OPB-5201<\/p>\n","protected":false},"excerpt":{"rendered":"<p>Param\u00e8tres du Produit : Capacit\u00e9 : 20000mAh (74Wh) Entr\u00e9e 1 (Type-C) : 5V 2.4A Entr\u00e9e 2 (Micro USB) : 5V 2A Sortie 1\/Sortie 2 (USB-A) : 5V 2.4A (Max) Sortie 3 (Type-C) : 5V 2.4A (Max) Mod\u00e8le : OPB-5201<\/p>\n","protected":false},"featured_media":5023,"comment_status":"open","ping_status":"closed","template":"","meta":[],"product_brand":[324],"product_cat":[325],"product_tag":[],"class_list":{"0":"post-5022","1":"product","2":"type-product","3":"status-publish","4":"has-post-thumbnail","6":"product_brand-oraimo","7":"product_cat-accessoires-connectes","9":"first","10":"instock","11":"shipping-taxable","12":"purchasable","13":"product-type-simple"},"_links":{"self":[{"href":"https:\/\/dem-serviceplus.com\/index.php\/wp-json\/wp\/v2\/product\/5022","targetHints":{"allow":["GET"]}}],"collection":[{"href":"https:\/\/dem-serviceplus.com\/index.php\/wp-json\/wp\/v2\/product"}],"about":[{"href":"https:\/\/dem-serviceplus.com\/index.php\/wp-json\/wp\/v2\/types\/product"}],"replies":[{"embeddable":true,"href":"https:\/\/dem-serviceplus.com\/index.php\/wp-json\/wp\/v2\/comments?post=5022"}],"version-history":[{"count":1,"href":"https:\/\/dem-serviceplus.com\/index.php\/wp-json\/wp\/v2\/product\/5022\/revisions"}],"predecessor-version":[{"id":5026,"href":"https:\/\/dem-serviceplus.com\/index.php\/wp-json\/wp\/v2\/product\/5022\/revisions\/5026"}],"wp:featuredmedia":[{"embeddable":true,"href":"https:\/\/dem-serviceplus.com\/index.php\/wp-json\/wp\/v2\/media\/5023"}],"wp:attachment":[{"href":"https:\/\/dem-serviceplus.com\/index.php\/wp-json\/wp\/v2\/media?parent=5022"}],"wp:term":[{"taxonomy":"product_brand","embeddable":true,"href":"https:\/\/dem-serviceplus.com\/index.php\/wp-json\/wp\/v2\/product_brand?post=5022"},{"taxonomy":"product_cat","embeddable":true,"href":"https:\/\/dem-serviceplus.com\/index.php\/wp-json\/wp\/v2\/product_cat?post=5022"},{"taxonomy":"product_tag","embeddable":true,"href":"https:\/\/dem-serviceplus.com\/index.php\/wp-json\/wp\/v2\/product_tag?post=5022"}],"curies":[{"name":"wp","href":"https:\/\/api.w.org\/{rel}","templated":true}]}}