{"id":4997,"date":"2026-04-09T11:45:56","date_gmt":"2026-04-09T09:45:56","guid":{"rendered":"https:\/\/dem-serviceplus.com\/?post_type=product&#038;p=4997"},"modified":"2026-04-09T21:30:43","modified_gmt":"2026-04-09T19:30:43","slug":"oraimo-powernova-q21-20000mah-22-5w-power-bank","status":"publish","type":"product","link":"https:\/\/dem-serviceplus.com\/index.php\/produit\/oraimo-powernova-q21-20000mah-22-5w-power-bank\/","title":{"rendered":"oraimo PowerNova Q21 20000mAh 22.5W Power Bank"},"content":{"rendered":"<p>Description<\/p>\n<p>Param\u00e8tres du produit :<\/p>\n<p>Capacit\u00e9 : 20000mAh (74Wh)<br \/>\nEntr\u00e9e 1 (Type-C) : 5V\/3A ; 9V\/2,22A ; 12V\/1,67A<br \/>\nSortie 1\/2 (USB-A) : 5V\/3A ; 9V\/2,22A ; 12V\/1,67A ; 10V\/2,25A<br \/>\nSortie 3 (Type-C) : 5V\/3A ; 9V\/2,22A ; 12V\/1,67A ; 10V\/2,25A<br \/>\nSortie totale : 5V\/3A (Max)<br \/>\n*R\u00e9sultats des tests du laboratoire oraimo<\/p>\n","protected":false},"excerpt":{"rendered":"<p>Description Param\u00e8tres du produit : Capacit\u00e9 : 20000mAh (74Wh) Entr\u00e9e 1 (Type-C) : 5V\/3A ; 9V\/2,22A ; 12V\/1,67A Sortie 1\/2 (USB-A) : 5V\/3A ; 9V\/2,22A ; 12V\/1,67A ; 10V\/2,25A Sortie 3 (Type-C) : 5V\/3A ; 9V\/2,22A ; 12V\/1,67A ; 10V\/2,25A Sortie totale : 5V\/3A (Max) *R\u00e9sultats des tests du laboratoire oraimo<\/p>\n","protected":false},"featured_media":5001,"comment_status":"open","ping_status":"closed","template":"","meta":[],"product_brand":[324],"product_cat":[325],"product_tag":[],"class_list":{"0":"post-4997","1":"product","2":"type-product","3":"status-publish","4":"has-post-thumbnail","6":"product_brand-oraimo","7":"product_cat-accessoires-connectes","9":"first","10":"instock","11":"shipping-taxable","12":"purchasable","13":"product-type-simple"},"_links":{"self":[{"href":"https:\/\/dem-serviceplus.com\/index.php\/wp-json\/wp\/v2\/product\/4997","targetHints":{"allow":["GET"]}}],"collection":[{"href":"https:\/\/dem-serviceplus.com\/index.php\/wp-json\/wp\/v2\/product"}],"about":[{"href":"https:\/\/dem-serviceplus.com\/index.php\/wp-json\/wp\/v2\/types\/product"}],"replies":[{"embeddable":true,"href":"https:\/\/dem-serviceplus.com\/index.php\/wp-json\/wp\/v2\/comments?post=4997"}],"version-history":[{"count":1,"href":"https:\/\/dem-serviceplus.com\/index.php\/wp-json\/wp\/v2\/product\/4997\/revisions"}],"predecessor-version":[{"id":5002,"href":"https:\/\/dem-serviceplus.com\/index.php\/wp-json\/wp\/v2\/product\/4997\/revisions\/5002"}],"wp:featuredmedia":[{"embeddable":true,"href":"https:\/\/dem-serviceplus.com\/index.php\/wp-json\/wp\/v2\/media\/5001"}],"wp:attachment":[{"href":"https:\/\/dem-serviceplus.com\/index.php\/wp-json\/wp\/v2\/media?parent=4997"}],"wp:term":[{"taxonomy":"product_brand","embeddable":true,"href":"https:\/\/dem-serviceplus.com\/index.php\/wp-json\/wp\/v2\/product_brand?post=4997"},{"taxonomy":"product_cat","embeddable":true,"href":"https:\/\/dem-serviceplus.com\/index.php\/wp-json\/wp\/v2\/product_cat?post=4997"},{"taxonomy":"product_tag","embeddable":true,"href":"https:\/\/dem-serviceplus.com\/index.php\/wp-json\/wp\/v2\/product_tag?post=4997"}],"curies":[{"name":"wp","href":"https:\/\/api.w.org\/{rel}","templated":true}]}}