{"id":4966,"date":"2026-02-19T11:17:29","date_gmt":"2026-02-19T10:17:29","guid":{"rendered":"https:\/\/dem-serviceplus.com\/?post_type=product&#038;p=4966"},"modified":"2026-04-09T20:45:17","modified_gmt":"2026-04-09T18:45:17","slug":"oraimo-spacebox-active-enceinte-portable-sans-fil-fm-personnalisee-et-puissante-de-25-w","status":"publish","type":"product","link":"https:\/\/dem-serviceplus.com\/index.php\/produit\/oraimo-spacebox-active-enceinte-portable-sans-fil-fm-personnalisee-et-puissante-de-25-w\/","title":{"rendered":"oraimo SpaceBox Active Enceinte portable sans fil FM personnalis\u00e9e et puissante de 25 W"},"content":{"rendered":"<p>Param\u00e8tre du produit :<br \/>\nDimensions du produit : 241 \u00d7 116 \u00d7 93 mm<br \/>\nVersion Bluetooth : V6.0<br \/>\nPort\u00e9e : 10 m<br \/>\nR\u00e9ponse en fr\u00e9quence : 60 Hz \u2013 20 kHz<br \/>\nCapacit\u00e9 de la batterie : 3 000 mAh\/7,4 V<br \/>\nAutonomie : 7 heures (volume maximal), 14 heures (volume moyen)<br \/>\nPuissance du haut-parleur : 25 W<br \/>\nModes de lecture : Bluetooth, carte m\u00e9moire et radio FM<br \/>\n*R\u00e9sultats des tests du laboratoire oraimo<br \/>\n*L\u2019autonomie peut varier en fonction du volume et du contenu audio<\/p>\n","protected":false},"excerpt":{"rendered":"<p>Param\u00e8tre du produit : Dimensions du produit : 241 \u00d7 116 \u00d7 93 mm Version Bluetooth : V6.0 Port\u00e9e : 10 m R\u00e9ponse en fr\u00e9quence : 60 Hz \u2013 20 kHz Capacit\u00e9 de la batterie : 3 000 mAh\/7,4 V Autonomie : 7 heures (volume maximal), 14 heures (volume moyen) Puissance du haut-parleur : 25 [&hellip;]<\/p>\n","protected":false},"featured_media":4967,"comment_status":"open","ping_status":"closed","template":"","meta":[],"product_brand":[324],"product_cat":[325],"product_tag":[],"class_list":{"0":"post-4966","1":"product","2":"type-product","3":"status-publish","4":"has-post-thumbnail","6":"product_brand-oraimo","7":"product_cat-accessoires-connectes","9":"first","10":"instock","11":"sale","12":"shipping-taxable","13":"purchasable","14":"product-type-simple"},"_links":{"self":[{"href":"https:\/\/dem-serviceplus.com\/index.php\/wp-json\/wp\/v2\/product\/4966","targetHints":{"allow":["GET"]}}],"collection":[{"href":"https:\/\/dem-serviceplus.com\/index.php\/wp-json\/wp\/v2\/product"}],"about":[{"href":"https:\/\/dem-serviceplus.com\/index.php\/wp-json\/wp\/v2\/types\/product"}],"replies":[{"embeddable":true,"href":"https:\/\/dem-serviceplus.com\/index.php\/wp-json\/wp\/v2\/comments?post=4966"}],"version-history":[{"count":1,"href":"https:\/\/dem-serviceplus.com\/index.php\/wp-json\/wp\/v2\/product\/4966\/revisions"}],"predecessor-version":[{"id":4970,"href":"https:\/\/dem-serviceplus.com\/index.php\/wp-json\/wp\/v2\/product\/4966\/revisions\/4970"}],"wp:featuredmedia":[{"embeddable":true,"href":"https:\/\/dem-serviceplus.com\/index.php\/wp-json\/wp\/v2\/media\/4967"}],"wp:attachment":[{"href":"https:\/\/dem-serviceplus.com\/index.php\/wp-json\/wp\/v2\/media?parent=4966"}],"wp:term":[{"taxonomy":"product_brand","embeddable":true,"href":"https:\/\/dem-serviceplus.com\/index.php\/wp-json\/wp\/v2\/product_brand?post=4966"},{"taxonomy":"product_cat","embeddable":true,"href":"https:\/\/dem-serviceplus.com\/index.php\/wp-json\/wp\/v2\/product_cat?post=4966"},{"taxonomy":"product_tag","embeddable":true,"href":"https:\/\/dem-serviceplus.com\/index.php\/wp-json\/wp\/v2\/product_tag?post=4966"}],"curies":[{"name":"wp","href":"https:\/\/api.w.org\/{rel}","templated":true}]}}