{"id":4960,"date":"2026-02-19T11:11:09","date_gmt":"2026-02-19T10:11:09","guid":{"rendered":"https:\/\/dem-serviceplus.com\/?post_type=product&#038;p=4960"},"modified":"2026-04-09T20:45:37","modified_gmt":"2026-04-09T18:45:37","slug":"bouteille-deau-isotherme-materiau-pp-acier-inoxydable-sus-304-capacite-710-ml-modele-ovb-511abouteille-deau-isotherme-materiau-pp-acier-inoxydable-sus-304-capacite","status":"publish","type":"product","link":"https:\/\/dem-serviceplus.com\/index.php\/produit\/bouteille-deau-isotherme-materiau-pp-acier-inoxydable-sus-304-capacite-710-ml-modele-ovb-511abouteille-deau-isotherme-materiau-pp-acier-inoxydable-sus-304-capacite\/","title":{"rendered":"oraimo ThermoGo S710 Bouteille d&rsquo;eau isotherme \u00e0 double isolation 710 ml"},"content":{"rendered":"<p>Bouteille d\u2019eau isotherme Mat\u00e9riau : PP + Acier inoxydable SUS 304; Capacit\u00e9 : 710 mL   Mod\u00e8le : OVB-511ABouteille d\u2019eau isotherme Mat\u00e9riau : PP + Acier inoxydable SUS 304; Capacit\u00e9 : 710 mL   Mod\u00e8le : OVB-511ABouteille d\u2019eau isotherme Mat\u00e9riau : PP + Acier inoxydable SUS 304; Capacit\u00e9 : 710 mL   Mod\u00e8le : OVB-511ABouteille d\u2019eau isotherme Mat\u00e9riau : PP + Acier inoxydable SUS 304; Capacit\u00e9 : 710 mL   Mod\u00e8le : OVB-511ABouteille d\u2019eau isotherme Mat\u00e9riau : PP + Acier inoxydable SUS 304; Capacit\u00e9 : 710 mL   Mod\u00e8le : OVB-511ABouteille d\u2019eau isotherme Mat\u00e9riau : PP + Acier inoxydable SUS 304; Capacit\u00e9 : 710 mL   Mod\u00e8le : OVB-511ABouteille d\u2019eau isotherme Mat\u00e9riau : PP + Acier inoxydable SUS 304; Capacit\u00e9 : 710 mL   Mod\u00e8le : OVB-511A<\/p>\n","protected":false},"excerpt":{"rendered":"<p>Bouteille d\u2019eau isotherme Mat\u00e9riau : PP + Acier inoxydable SUS 304; Capacit\u00e9 : 710 mL Mod\u00e8le : OVB-511ABouteille d\u2019eau isotherme Mat\u00e9riau : PP + Acier inoxydable SUS 304; Capacit\u00e9 : 710 mL Mod\u00e8le : OVB-511ABouteille d\u2019eau isotherme Mat\u00e9riau : PP + Acier inoxydable SUS 304; Capacit\u00e9 : 710 mL Mod\u00e8le : OVB-511ABouteille d\u2019eau isotherme Mat\u00e9riau [&hellip;]<\/p>\n","protected":false},"featured_media":4953,"comment_status":"open","ping_status":"closed","template":"","meta":[],"product_brand":[324],"product_cat":[325],"product_tag":[],"class_list":{"0":"post-4960","1":"product","2":"type-product","3":"status-publish","4":"has-post-thumbnail","6":"product_brand-oraimo","7":"product_cat-accessoires-connectes","9":"first","10":"instock","11":"sale","12":"shipping-taxable","13":"purchasable","14":"product-type-simple"},"_links":{"self":[{"href":"https:\/\/dem-serviceplus.com\/index.php\/wp-json\/wp\/v2\/product\/4960","targetHints":{"allow":["GET"]}}],"collection":[{"href":"https:\/\/dem-serviceplus.com\/index.php\/wp-json\/wp\/v2\/product"}],"about":[{"href":"https:\/\/dem-serviceplus.com\/index.php\/wp-json\/wp\/v2\/types\/product"}],"replies":[{"embeddable":true,"href":"https:\/\/dem-serviceplus.com\/index.php\/wp-json\/wp\/v2\/comments?post=4960"}],"version-history":[{"count":2,"href":"https:\/\/dem-serviceplus.com\/index.php\/wp-json\/wp\/v2\/product\/4960\/revisions"}],"predecessor-version":[{"id":4974,"href":"https:\/\/dem-serviceplus.com\/index.php\/wp-json\/wp\/v2\/product\/4960\/revisions\/4974"}],"wp:featuredmedia":[{"embeddable":true,"href":"https:\/\/dem-serviceplus.com\/index.php\/wp-json\/wp\/v2\/media\/4953"}],"wp:attachment":[{"href":"https:\/\/dem-serviceplus.com\/index.php\/wp-json\/wp\/v2\/media?parent=4960"}],"wp:term":[{"taxonomy":"product_brand","embeddable":true,"href":"https:\/\/dem-serviceplus.com\/index.php\/wp-json\/wp\/v2\/product_brand?post=4960"},{"taxonomy":"product_cat","embeddable":true,"href":"https:\/\/dem-serviceplus.com\/index.php\/wp-json\/wp\/v2\/product_cat?post=4960"},{"taxonomy":"product_tag","embeddable":true,"href":"https:\/\/dem-serviceplus.com\/index.php\/wp-json\/wp\/v2\/product_tag?post=4960"}],"curies":[{"name":"wp","href":"https:\/\/api.w.org\/{rel}","templated":true}]}}