{"id":4947,"date":"2026-02-18T14:17:42","date_gmt":"2026-02-18T13:17:42","guid":{"rendered":"https:\/\/dem-serviceplus.com\/?post_type=product&#038;p=4947"},"modified":"2026-04-09T20:46:00","modified_gmt":"2026-04-09T18:46:00","slug":"oraimo-smartairfryer-friteuse-a-air-intelligente-visible-de-1500-w","status":"publish","type":"product","link":"https:\/\/dem-serviceplus.com\/index.php\/produit\/oraimo-smartairfryer-friteuse-a-air-intelligente-visible-de-1500-w\/","title":{"rendered":"oraimo SmartAirFryer Friteuse \u00e0 air intelligente visible de 1500 W"},"content":{"rendered":"<p>Taille : 34.52628.5 cm<br \/>\nMat\u00e9riau (Panier \u00e0 friture) : Acier inoxydable 304<br \/>\nMat\u00e9riau (Plaque de grill) : Plaque en aluminium + Rev\u00eatement antiadh\u00e9sif<br \/>\nPoids : 3.9 kg \u00b1 3% Type de prise \u00e9lectrique : UE<br \/>\nContr\u00f4le de la temp\u00e9rature : 90-200 \u2103, avec une diff\u00e9rence de temp\u00e9rature Tension d&rsquo;entr\u00e9e : 220V\/50Hz<br \/>\nPuissance nominale : 1500W<\/p>\n","protected":false},"excerpt":{"rendered":"<p>Taille : 34.52628.5 cm Mat\u00e9riau (Panier \u00e0 friture) : Acier inoxydable 304 Mat\u00e9riau (Plaque de grill) : Plaque en aluminium + Rev\u00eatement antiadh\u00e9sif Poids : 3.9 kg \u00b1 3% Type de prise \u00e9lectrique : UE Contr\u00f4le de la temp\u00e9rature : 90-200 \u2103, avec une diff\u00e9rence de temp\u00e9rature Tension d&rsquo;entr\u00e9e : 220V\/50Hz Puissance nominale : 1500W<\/p>\n","protected":false},"featured_media":4891,"comment_status":"open","ping_status":"closed","template":"","meta":[],"product_brand":[324],"product_cat":[328],"product_tag":[],"class_list":{"0":"post-4947","1":"product","2":"type-product","3":"status-publish","4":"has-post-thumbnail","6":"product_brand-oraimo","7":"product_cat-electromenager","9":"first","10":"instock","11":"sale","12":"shipping-taxable","13":"purchasable","14":"product-type-simple"},"_links":{"self":[{"href":"https:\/\/dem-serviceplus.com\/index.php\/wp-json\/wp\/v2\/product\/4947","targetHints":{"allow":["GET"]}}],"collection":[{"href":"https:\/\/dem-serviceplus.com\/index.php\/wp-json\/wp\/v2\/product"}],"about":[{"href":"https:\/\/dem-serviceplus.com\/index.php\/wp-json\/wp\/v2\/types\/product"}],"replies":[{"embeddable":true,"href":"https:\/\/dem-serviceplus.com\/index.php\/wp-json\/wp\/v2\/comments?post=4947"}],"version-history":[{"count":1,"href":"https:\/\/dem-serviceplus.com\/index.php\/wp-json\/wp\/v2\/product\/4947\/revisions"}],"predecessor-version":[{"id":4950,"href":"https:\/\/dem-serviceplus.com\/index.php\/wp-json\/wp\/v2\/product\/4947\/revisions\/4950"}],"wp:featuredmedia":[{"embeddable":true,"href":"https:\/\/dem-serviceplus.com\/index.php\/wp-json\/wp\/v2\/media\/4891"}],"wp:attachment":[{"href":"https:\/\/dem-serviceplus.com\/index.php\/wp-json\/wp\/v2\/media?parent=4947"}],"wp:term":[{"taxonomy":"product_brand","embeddable":true,"href":"https:\/\/dem-serviceplus.com\/index.php\/wp-json\/wp\/v2\/product_brand?post=4947"},{"taxonomy":"product_cat","embeddable":true,"href":"https:\/\/dem-serviceplus.com\/index.php\/wp-json\/wp\/v2\/product_cat?post=4947"},{"taxonomy":"product_tag","embeddable":true,"href":"https:\/\/dem-serviceplus.com\/index.php\/wp-json\/wp\/v2\/product_tag?post=4947"}],"curies":[{"name":"wp","href":"https:\/\/api.w.org\/{rel}","templated":true}]}}