{"id":4943,"date":"2026-02-18T14:08:49","date_gmt":"2026-02-18T13:08:49","guid":{"rendered":"https:\/\/dem-serviceplus.com\/?post_type=product&#038;p=4943"},"modified":"2026-04-09T20:46:36","modified_gmt":"2026-04-09T18:46:36","slug":"oraimo-spacebuds-ecouteurs-a-reduction-de-bruit-anc-50db-avec-personnalisation-des-commandes-vocales-2","status":"publish","type":"product","link":"https:\/\/dem-serviceplus.com\/index.php\/produit\/oraimo-spacebuds-ecouteurs-a-reduction-de-bruit-anc-50db-avec-personnalisation-des-commandes-vocales-2\/","title":{"rendered":"oraimo SpaceBuds Ecouteurs \u00e0 r\u00e9duction de bruit ANC 50dB avec personnalisation des commandes vocales"},"content":{"rendered":"<p>ersion Bluetooth : V5.4<br \/>\nPort\u00e9e : 10m<br \/>\nTaille du pilote : pilote dynamique de 11 mm et HavyBass\u2122Active<br \/>\nProfondeur de suppression du bruit : suppression du bruit hybride de 50 dB<br \/>\nR\u00e9cr\u00e9ation: Jusqu&rsquo;\u00e0 11 heures, le bo\u00eetier offre 29 heures suppl\u00e9mentaires (ANC OFF) ;<br \/>\nJusqu&rsquo;\u00e0 8 heures, le bo\u00eetier offre 21 heures suppl\u00e9mentaires (ANC ON)<br \/>\nTemps de charge : environ 1,5 heures<br \/>\nEntr\u00e9e de cas : Type-C<br \/>\n\u00c9tanch\u00e9it\u00e9 : IPX4<\/p>\n<p>Mod\u00e8le : OTW-630<\/p>\n","protected":false},"excerpt":{"rendered":"<p>ersion Bluetooth : V5.4 Port\u00e9e : 10m Taille du pilote : pilote dynamique de 11 mm et HavyBass\u2122Active Profondeur de suppression du bruit : suppression du bruit hybride de 50 dB R\u00e9cr\u00e9ation: Jusqu&rsquo;\u00e0 11 heures, le bo\u00eetier offre 29 heures suppl\u00e9mentaires (ANC OFF) ; Jusqu&rsquo;\u00e0 8 heures, le bo\u00eetier offre 21 heures suppl\u00e9mentaires (ANC ON) [&hellip;]<\/p>\n","protected":false},"featured_media":4944,"comment_status":"open","ping_status":"closed","template":"","meta":[],"product_brand":[324],"product_cat":[325],"product_tag":[],"class_list":{"0":"post-4943","1":"product","2":"type-product","3":"status-publish","4":"has-post-thumbnail","6":"product_brand-oraimo","7":"product_cat-accessoires-connectes","9":"first","10":"instock","11":"sale","12":"shipping-taxable","13":"purchasable","14":"product-type-simple"},"_links":{"self":[{"href":"https:\/\/dem-serviceplus.com\/index.php\/wp-json\/wp\/v2\/product\/4943","targetHints":{"allow":["GET"]}}],"collection":[{"href":"https:\/\/dem-serviceplus.com\/index.php\/wp-json\/wp\/v2\/product"}],"about":[{"href":"https:\/\/dem-serviceplus.com\/index.php\/wp-json\/wp\/v2\/types\/product"}],"replies":[{"embeddable":true,"href":"https:\/\/dem-serviceplus.com\/index.php\/wp-json\/wp\/v2\/comments?post=4943"}],"version-history":[{"count":1,"href":"https:\/\/dem-serviceplus.com\/index.php\/wp-json\/wp\/v2\/product\/4943\/revisions"}],"predecessor-version":[{"id":4945,"href":"https:\/\/dem-serviceplus.com\/index.php\/wp-json\/wp\/v2\/product\/4943\/revisions\/4945"}],"wp:featuredmedia":[{"embeddable":true,"href":"https:\/\/dem-serviceplus.com\/index.php\/wp-json\/wp\/v2\/media\/4944"}],"wp:attachment":[{"href":"https:\/\/dem-serviceplus.com\/index.php\/wp-json\/wp\/v2\/media?parent=4943"}],"wp:term":[{"taxonomy":"product_brand","embeddable":true,"href":"https:\/\/dem-serviceplus.com\/index.php\/wp-json\/wp\/v2\/product_brand?post=4943"},{"taxonomy":"product_cat","embeddable":true,"href":"https:\/\/dem-serviceplus.com\/index.php\/wp-json\/wp\/v2\/product_cat?post=4943"},{"taxonomy":"product_tag","embeddable":true,"href":"https:\/\/dem-serviceplus.com\/index.php\/wp-json\/wp\/v2\/product_tag?post=4943"}],"curies":[{"name":"wp","href":"https:\/\/api.w.org\/{rel}","templated":true}]}}