{"id":4928,"date":"2026-02-18T13:33:13","date_gmt":"2026-02-18T12:33:13","guid":{"rendered":"https:\/\/dem-serviceplus.com\/?post_type=product&#038;p=4928"},"modified":"2026-04-09T20:48:34","modified_gmt":"2026-04-09T18:48:34","slug":"oraimo-goshave-rasoir-multifonction","status":"publish","type":"product","link":"https:\/\/dem-serviceplus.com\/index.php\/produit\/oraimo-goshave-rasoir-multifonction\/","title":{"rendered":"oraimo GoShave Rasoir multifonction"},"content":{"rendered":"<p>ntr\u00e9e : 5V = 1A<br \/>\nTemps de Charge : 1 Heure<br \/>\nTemps d&rsquo;Utilisation : 1 Heure<br \/>\nCapacit\u00e9 de la Batterie : 400mAh<br \/>\n*R\u00e9sultats des tests du laboratoire oraimo<br \/>\nCaract\u00e9ristiques du Produit\uff1a<br \/>\nIdentique ci-dessus<\/p>\n","protected":false},"excerpt":{"rendered":"<p>ntr\u00e9e : 5V = 1A Temps de Charge : 1 Heure Temps d&rsquo;Utilisation : 1 Heure Capacit\u00e9 de la Batterie : 400mAh *R\u00e9sultats des tests du laboratoire oraimo Caract\u00e9ristiques du Produit\uff1a Identique ci-dessus<\/p>\n","protected":false},"featured_media":4931,"comment_status":"open","ping_status":"closed","template":"","meta":[],"product_brand":[324],"product_cat":[328],"product_tag":[],"class_list":{"0":"post-4928","1":"product","2":"type-product","3":"status-publish","4":"has-post-thumbnail","6":"product_brand-oraimo","7":"product_cat-electromenager","9":"first","10":"instock","11":"sale","12":"shipping-taxable","13":"purchasable","14":"product-type-simple"},"_links":{"self":[{"href":"https:\/\/dem-serviceplus.com\/index.php\/wp-json\/wp\/v2\/product\/4928","targetHints":{"allow":["GET"]}}],"collection":[{"href":"https:\/\/dem-serviceplus.com\/index.php\/wp-json\/wp\/v2\/product"}],"about":[{"href":"https:\/\/dem-serviceplus.com\/index.php\/wp-json\/wp\/v2\/types\/product"}],"replies":[{"embeddable":true,"href":"https:\/\/dem-serviceplus.com\/index.php\/wp-json\/wp\/v2\/comments?post=4928"}],"version-history":[{"count":1,"href":"https:\/\/dem-serviceplus.com\/index.php\/wp-json\/wp\/v2\/product\/4928\/revisions"}],"predecessor-version":[{"id":4934,"href":"https:\/\/dem-serviceplus.com\/index.php\/wp-json\/wp\/v2\/product\/4928\/revisions\/4934"}],"wp:featuredmedia":[{"embeddable":true,"href":"https:\/\/dem-serviceplus.com\/index.php\/wp-json\/wp\/v2\/media\/4931"}],"wp:attachment":[{"href":"https:\/\/dem-serviceplus.com\/index.php\/wp-json\/wp\/v2\/media?parent=4928"}],"wp:term":[{"taxonomy":"product_brand","embeddable":true,"href":"https:\/\/dem-serviceplus.com\/index.php\/wp-json\/wp\/v2\/product_brand?post=4928"},{"taxonomy":"product_cat","embeddable":true,"href":"https:\/\/dem-serviceplus.com\/index.php\/wp-json\/wp\/v2\/product_cat?post=4928"},{"taxonomy":"product_tag","embeddable":true,"href":"https:\/\/dem-serviceplus.com\/index.php\/wp-json\/wp\/v2\/product_tag?post=4928"}],"curies":[{"name":"wp","href":"https:\/\/api.w.org\/{rel}","templated":true}]}}