{"id":4917,"date":"2026-02-18T13:21:40","date_gmt":"2026-02-18T12:21:40","guid":{"rendered":"https:\/\/dem-serviceplus.com\/?post_type=product&#038;p=4917"},"modified":"2026-04-09T20:49:18","modified_gmt":"2026-04-09T18:49:18","slug":"oraimo-smartcooker-cuisiniere-electrique-1000w-3l","status":"publish","type":"product","link":"https:\/\/dem-serviceplus.com\/index.php\/produit\/oraimo-smartcooker-cuisiniere-electrique-1000w-3l\/","title":{"rendered":"oraimo SmartCooker Cuisini\u00e8re \u00e9lectrique 1000W 3L"},"content":{"rendered":"<p>Taille : 250 mm x 220 mm x 250 mm<br \/>\nTension nominale : 220-240 \uff3650\/60 Hz<br \/>\nPuissance nominale : 1 000 W<br \/>\nCapacit\u00e9 : 3 L<\/p>\n<p>Mod\u00e8le : OHP-201A<br \/>\n*R\u00e9sultats des tests en laboratoire d&rsquo;oraimo<\/p>\n","protected":false},"excerpt":{"rendered":"<p>Taille : 250 mm x 220 mm x 250 mm Tension nominale : 220-240 \uff3650\/60 Hz Puissance nominale : 1 000 W Capacit\u00e9 : 3 L Mod\u00e8le : OHP-201A *R\u00e9sultats des tests en laboratoire d&rsquo;oraimo<\/p>\n","protected":false},"featured_media":4920,"comment_status":"open","ping_status":"closed","template":"","meta":[],"product_brand":[324],"product_cat":[328],"product_tag":[],"class_list":{"0":"post-4917","1":"product","2":"type-product","3":"status-publish","4":"has-post-thumbnail","6":"product_brand-oraimo","7":"product_cat-electromenager","9":"first","10":"instock","11":"sale","12":"shipping-taxable","13":"purchasable","14":"product-type-simple"},"_links":{"self":[{"href":"https:\/\/dem-serviceplus.com\/index.php\/wp-json\/wp\/v2\/product\/4917","targetHints":{"allow":["GET"]}}],"collection":[{"href":"https:\/\/dem-serviceplus.com\/index.php\/wp-json\/wp\/v2\/product"}],"about":[{"href":"https:\/\/dem-serviceplus.com\/index.php\/wp-json\/wp\/v2\/types\/product"}],"replies":[{"embeddable":true,"href":"https:\/\/dem-serviceplus.com\/index.php\/wp-json\/wp\/v2\/comments?post=4917"}],"version-history":[{"count":1,"href":"https:\/\/dem-serviceplus.com\/index.php\/wp-json\/wp\/v2\/product\/4917\/revisions"}],"predecessor-version":[{"id":4921,"href":"https:\/\/dem-serviceplus.com\/index.php\/wp-json\/wp\/v2\/product\/4917\/revisions\/4921"}],"wp:featuredmedia":[{"embeddable":true,"href":"https:\/\/dem-serviceplus.com\/index.php\/wp-json\/wp\/v2\/media\/4920"}],"wp:attachment":[{"href":"https:\/\/dem-serviceplus.com\/index.php\/wp-json\/wp\/v2\/media?parent=4917"}],"wp:term":[{"taxonomy":"product_brand","embeddable":true,"href":"https:\/\/dem-serviceplus.com\/index.php\/wp-json\/wp\/v2\/product_brand?post=4917"},{"taxonomy":"product_cat","embeddable":true,"href":"https:\/\/dem-serviceplus.com\/index.php\/wp-json\/wp\/v2\/product_cat?post=4917"},{"taxonomy":"product_tag","embeddable":true,"href":"https:\/\/dem-serviceplus.com\/index.php\/wp-json\/wp\/v2\/product_tag?post=4917"}],"curies":[{"name":"wp","href":"https:\/\/api.w.org\/{rel}","templated":true}]}}