{"id":4909,"date":"2026-02-18T13:12:10","date_gmt":"2026-02-18T12:12:10","guid":{"rendered":"https:\/\/dem-serviceplus.com\/?post_type=product&#038;p=4909"},"modified":"2026-04-09T20:49:53","modified_gmt":"2026-04-09T18:49:53","slug":"oraimo-smartiron-1740w-fer-a-repasser-electrique-portable","status":"publish","type":"product","link":"https:\/\/dem-serviceplus.com\/index.php\/produit\/oraimo-smartiron-1740w-fer-a-repasser-electrique-portable\/","title":{"rendered":"oraimo SmartIron 1740W Fer \u00e0 repasser \u00e9lectrique portable"},"content":{"rendered":"","protected":false},"excerpt":{"rendered":"<p>aram\u00e8tres du produit :<br \/>\nCapacit\u00e9 du r\u00e9servoir d&rsquo;eau : 130ml<br \/>\nTemps de pr\u00e9chauffage : 25 secondes<br \/>\nTemp\u00e9rature de la semelle : 150\u00b0C<br \/>\nLongueur du c\u00e2ble de chargement : 2,05m<\/p>\n<p>Mod\u00e8le : OEI-801A<\/p>\n","protected":false},"featured_media":4912,"comment_status":"open","ping_status":"closed","template":"","meta":[],"product_brand":[324],"product_cat":[328],"product_tag":[],"class_list":{"0":"post-4909","1":"product","2":"type-product","3":"status-publish","4":"has-post-thumbnail","6":"product_brand-oraimo","7":"product_cat-electromenager","9":"first","10":"instock","11":"sale","12":"shipping-taxable","13":"purchasable","14":"product-type-simple"},"_links":{"self":[{"href":"https:\/\/dem-serviceplus.com\/index.php\/wp-json\/wp\/v2\/product\/4909","targetHints":{"allow":["GET"]}}],"collection":[{"href":"https:\/\/dem-serviceplus.com\/index.php\/wp-json\/wp\/v2\/product"}],"about":[{"href":"https:\/\/dem-serviceplus.com\/index.php\/wp-json\/wp\/v2\/types\/product"}],"replies":[{"embeddable":true,"href":"https:\/\/dem-serviceplus.com\/index.php\/wp-json\/wp\/v2\/comments?post=4909"}],"version-history":[{"count":1,"href":"https:\/\/dem-serviceplus.com\/index.php\/wp-json\/wp\/v2\/product\/4909\/revisions"}],"predecessor-version":[{"id":4914,"href":"https:\/\/dem-serviceplus.com\/index.php\/wp-json\/wp\/v2\/product\/4909\/revisions\/4914"}],"wp:featuredmedia":[{"embeddable":true,"href":"https:\/\/dem-serviceplus.com\/index.php\/wp-json\/wp\/v2\/media\/4912"}],"wp:attachment":[{"href":"https:\/\/dem-serviceplus.com\/index.php\/wp-json\/wp\/v2\/media?parent=4909"}],"wp:term":[{"taxonomy":"product_brand","embeddable":true,"href":"https:\/\/dem-serviceplus.com\/index.php\/wp-json\/wp\/v2\/product_brand?post=4909"},{"taxonomy":"product_cat","embeddable":true,"href":"https:\/\/dem-serviceplus.com\/index.php\/wp-json\/wp\/v2\/product_cat?post=4909"},{"taxonomy":"product_tag","embeddable":true,"href":"https:\/\/dem-serviceplus.com\/index.php\/wp-json\/wp\/v2\/product_tag?post=4909"}],"curies":[{"name":"wp","href":"https:\/\/api.w.org\/{rel}","templated":true}]}}