{"id":4903,"date":"2026-02-18T12:56:49","date_gmt":"2026-02-18T11:56:49","guid":{"rendered":"https:\/\/dem-serviceplus.com\/?post_type=product&#038;p=4903"},"modified":"2026-04-09T20:50:37","modified_gmt":"2026-04-09T18:50:37","slug":"oraimo-smartblender-melangeur-a-controle-de-vitesse-de-15-l","status":"publish","type":"product","link":"https:\/\/dem-serviceplus.com\/index.php\/produit\/oraimo-smartblender-melangeur-a-controle-de-vitesse-de-15-l\/","title":{"rendered":"oraimo SmartBlender M\u00e9langeur \u00e0 contr\u00f4le de vitesse de 1,5 L"},"content":{"rendered":"<p>oraimo SmartBlender M\u00e9langeur \u00e0 contr\u00f4le de vitesse de 1,5 L<\/p>\n","protected":false},"excerpt":{"rendered":"<p>oraimo SmartBlender M\u00e9langeur \u00e0 contr\u00f4le de vitesse de 1,5 L<\/p>\n","protected":false},"featured_media":4901,"comment_status":"open","ping_status":"closed","template":"","meta":[],"product_brand":[324],"product_cat":[328],"product_tag":[],"class_list":{"0":"post-4903","1":"product","2":"type-product","3":"status-publish","4":"has-post-thumbnail","6":"product_brand-oraimo","7":"product_cat-electromenager","9":"first","10":"instock","11":"shipping-taxable","12":"purchasable","13":"product-type-simple"},"_links":{"self":[{"href":"https:\/\/dem-serviceplus.com\/index.php\/wp-json\/wp\/v2\/product\/4903","targetHints":{"allow":["GET"]}}],"collection":[{"href":"https:\/\/dem-serviceplus.com\/index.php\/wp-json\/wp\/v2\/product"}],"about":[{"href":"https:\/\/dem-serviceplus.com\/index.php\/wp-json\/wp\/v2\/types\/product"}],"replies":[{"embeddable":true,"href":"https:\/\/dem-serviceplus.com\/index.php\/wp-json\/wp\/v2\/comments?post=4903"}],"version-history":[{"count":1,"href":"https:\/\/dem-serviceplus.com\/index.php\/wp-json\/wp\/v2\/product\/4903\/revisions"}],"predecessor-version":[{"id":4904,"href":"https:\/\/dem-serviceplus.com\/index.php\/wp-json\/wp\/v2\/product\/4903\/revisions\/4904"}],"wp:featuredmedia":[{"embeddable":true,"href":"https:\/\/dem-serviceplus.com\/index.php\/wp-json\/wp\/v2\/media\/4901"}],"wp:attachment":[{"href":"https:\/\/dem-serviceplus.com\/index.php\/wp-json\/wp\/v2\/media?parent=4903"}],"wp:term":[{"taxonomy":"product_brand","embeddable":true,"href":"https:\/\/dem-serviceplus.com\/index.php\/wp-json\/wp\/v2\/product_brand?post=4903"},{"taxonomy":"product_cat","embeddable":true,"href":"https:\/\/dem-serviceplus.com\/index.php\/wp-json\/wp\/v2\/product_cat?post=4903"},{"taxonomy":"product_tag","embeddable":true,"href":"https:\/\/dem-serviceplus.com\/index.php\/wp-json\/wp\/v2\/product_tag?post=4903"}],"curies":[{"name":"wp","href":"https:\/\/api.w.org\/{rel}","templated":true}]}}